{"id":218,"date":"2024-08-23T11:18:48","date_gmt":"2024-08-23T09:18:48","guid":{"rendered":"http:\/\/wordpress.p671235.webspaceconfig.de\/?page_id=218"},"modified":"2026-02-24T11:35:52","modified_gmt":"2026-02-24T10:35:52","slug":"mediathek","status":"publish","type":"page","link":"https:\/\/www.tbfsam.com\/de\/mediathek\/","title":{"rendered":"Mediathek"},"content":{"rendered":"<section class=\"bde-section-218-234 bde-section\">\n  \n  \n\t\n\n\n\n<div class=\"section-container\"><\/div>\n<\/section><section class=\"bde-section-218-100 bde-section\" data-entrance=\"fade\">\n              \n  \n  \n\t\n\n  <div class=\"section-background-overlay\"><\/div>\n\n\n<div class=\"section-container\"><div class=\"bde-div-218-101 bde-div\">\n  \n  \n\t\n\n\n\n<h1 class=\"bde-heading-218-102 bde-heading\">\nWISSEN<br>AUF <br>ABRUF \n<\/h1>\n<\/div><div class=\"de-scroll-button-218-103 de-scroll-button\" role=\"button\" aria-label=\"Scroll Button\">\n  <div class=\"de-icon mouse\">      \n        \t<div class=\"scroll\"><\/div>\n  \t  <\/div>\n\n\n<\/div><\/div>\n<\/section><section class=\"bde-section-218-128 bde-section\" data-entrance=\"fade\">\n  \n  \n\t\n\n\n\n<div class=\"section-container\"><div class=\"bde-div-218-129 bde-div\">\n  \n  \n\t\n\n\n\n<h1 class=\"bde-dual-heading-218-235 bde-dual-heading\">\n\n\n            <span data-style=\"primary\" class=\"dual-heading--primary  \">Unsere<\/span>\n\n            <span data-style=\"secondary\" class=\"dual-heading--secondary  \">Videos<\/span>\n\n            <span data-style=\"primary\" class=\"dual-heading--primary  \">wissen, was bewegt<\/span>\n\n\n\n<\/h1><div class=\"bde-text-218-132 bde-text\">\nInformative Webinare, aktuelle Unternehmensbesuche und mehr \u2026\n<\/div><div class=\"bde-text-218-230 bde-text\">\nIn unserer Video-Sammlung bieten wir Ihnen nicht nur pr\u00e4gnante Marktanalysen und Experteninterviews, sondern auch informative Webinare, spannende Fieldtrips und anschauliche Erkl\u00e4rvideos. Entdecken Sie fundierte Einblicke, praxisorientierte Anlagestrategien und aktuelle Trends \u2013 so halten wir Sie immer auf dem neuesten Stand.\n<\/div><div class=\"bde-button-218-229 bde-button\">\n        \n    \n    \n    \n    \n            \n                    \n            \n            \n\n    \n    \n    \n    \n    \n    <a class=\"breakdance-link button-atom button-atom--custom bde-button__button\" href=\"https:\/\/www.tbfsam.com\/mediathek\/videos\/\" target=\"_self\" data-type=\"url\"  >\n\n    \n        <span class=\"button-atom__text\">zu den Videos<\/span>\n\n                            \n        \n                <\/a>\n\n    \n\n\n<\/div>\n<\/div><div class=\"bde-div-218-133 bde-div\" data-parallax=\"true\">\n  \n  \n\t\n\n\n\n<div class=\"bde-div-218-225 bde-div\" data-parallax=\"true\">\n  \n  \n\t\n\n\n\n<div class=\"bde-image-218-226 bde-image\">\n<figure class=\"breakdance-image breakdance-image--980\">\n\t<div class=\"breakdance-image-container\">\n\t\t<div class=\"breakdance-image-clip\"><img decoding=\"async\" class=\"breakdance-image-object\" src=\"https:\/\/www.tbfsam.com\/wp-content\/uploads\/microsoft-surface-tbf-singen-website-mediathek.png\" width=\"1920\" height=\"1227\" srcset=\"https:\/\/www.tbfsam.com\/wp-content\/uploads\/microsoft-surface-tbf-singen-website-mediathek.png 1920w, https:\/\/www.tbfsam.com\/wp-content\/uploads\/microsoft-surface-tbf-singen-website-mediathek-300x192.png 300w, https:\/\/www.tbfsam.com\/wp-content\/uploads\/microsoft-surface-tbf-singen-website-mediathek-1024x654.png 1024w, https:\/\/www.tbfsam.com\/wp-content\/uploads\/microsoft-surface-tbf-singen-website-mediathek-150x96.png 150w, https:\/\/www.tbfsam.com\/wp-content\/uploads\/microsoft-surface-tbf-singen-website-mediathek-768x491.png 768w, https:\/\/www.tbfsam.com\/wp-content\/uploads\/microsoft-surface-tbf-singen-website-mediathek-1536x982.png 1536w\" sizes=\"(max-width: 1920px) 100vw, 1920px\"><\/div>\n\t<\/div><\/figure>\n\n<\/div><div class=\"bde-masker-218-227 bde-masker\"><div class=\"bde-shortcode-218-254 bde-shortcode\"> <div class=\"brlbs-cmpnt-container brlbs-cmpnt-content-blocker brlbs-cmpnt-with-individual-styles\" data-borlabs-cookie-content-blocker-id=\"youtube-content-blocker\" data-borlabs-cookie-content=\"PGlmcmFtZSB3aWR0aD0iNDUwIiBoZWlnaHQ9IjMwMCIgc3JjPSJodHRwczovL3d3dy55b3V0dWJlLW5vY29va2llLmNvbS9lbWJlZC9udV9kWGZTcTU4UT9zaT1zZjdtU3UyUFlCdXdzbjlqIiB0aXRsZT0iWW91VHViZSB2aWRlbyBwbGF5ZXIiIGZyYW1lYm9yZGVyPSIwIiBhbGxvdz0iYWNjZWxlcm9tZXRlcjsgYXV0b3BsYXk7IGNsaXBib2FyZC13cml0ZTsgZW5jcnlwdGVkLW1lZGlhOyBneXJvc2NvcGU7IHBpY3R1cmUtaW4tcGljdHVyZTsgd2ViLXNoYXJlIiByZWZlcnJlcnBvbGljeT0ic3RyaWN0LW9yaWdpbi13aGVuLWNyb3NzLW9yaWdpbiIgYWxsb3dmdWxsc2NyZWVuPjwvaWZyYW1lPg==\"><div class=\"brlbs-cmpnt-cb-preset-c brlbs-cmpnt-cb-youtube\"> <div class=\"brlbs-cmpnt-cb-thumbnail\" style=\"background-image: url('https:\/\/www.tbfsam.com\/wp-content\/uploads\/borlabs-cookie\/1\/brlbs-cb-youtube-main.png')\"><\/div> <div class=\"brlbs-cmpnt-cb-main\"> <div class=\"brlbs-cmpnt-cb-play-button\"><\/div> <div class=\"brlbs-cmpnt-cb-content\"> <p class=\"brlbs-cmpnt-cb-description\">Sie sehen gerade einen Platzhalterinhalt von <strong>YouTube<\/strong>. Um auf den eigentlichen Inhalt zuzugreifen, klicken Sie auf die Schaltfl\u00e4che unten. Bitte beachten Sie, dass dabei Daten an Drittanbieter weitergegeben werden.<\/p> <a class=\"brlbs-cmpnt-cb-provider-toggle\" href=\"#\" data-borlabs-cookie-show-provider-information role=\"button\">Mehr Informationen<\/a> <\/div> <div class=\"brlbs-cmpnt-cb-buttons\"> <a class=\"brlbs-cmpnt-cb-btn\" href=\"#\" data-borlabs-cookie-unblock role=\"button\">Inhalt entsperren<\/a> <a class=\"brlbs-cmpnt-cb-btn\" href=\"#\" data-borlabs-cookie-accept-service role=\"button\" style=\"display: inherit\">Erforderlichen Service akzeptieren und Inhalte entsperren<\/a> <\/div> <\/div> <\/div><\/div><\/div>\r\n<\/div>\n<\/div>\n<\/div><\/div>\n<\/section><section class=\"bde-section-218-236 bde-section\">\n  \n  \n\t\n\n\n\n<div class=\"section-container\"><img decoding=\"async\" class=\"bde-image2-218-237 bde-image2\" src=\"https:\/\/www.tbfsam.com\/wp-content\/uploads\/tbf-grauer-hintergrund.png\" alt=\"Das Bild zeigt hellgrauen Hintergrund, oben angeschr\u00e4gt\" loading=\"lazy\" srcset=\"https:\/\/www.tbfsam.com\/wp-content\/uploads\/tbf-grauer-hintergrund.png 3440w, https:\/\/www.tbfsam.com\/wp-content\/uploads\/tbf-grauer-hintergrund-300x126.png 300w, https:\/\/www.tbfsam.com\/wp-content\/uploads\/tbf-grauer-hintergrund-1024x429.png 1024w, https:\/\/www.tbfsam.com\/wp-content\/uploads\/tbf-grauer-hintergrund-150x63.png 150w, https:\/\/www.tbfsam.com\/wp-content\/uploads\/tbf-grauer-hintergrund-768x321.png 768w, https:\/\/www.tbfsam.com\/wp-content\/uploads\/tbf-grauer-hintergrund-1536x643.png 1536w, https:\/\/www.tbfsam.com\/wp-content\/uploads\/tbf-grauer-hintergrund-2048x857.png 2048w\" sizes=\"(max-width: 3440px) 100vw, 3440px\"><div class=\"bde-div-218-238 bde-div\">\n  \n  \n\t\n\n\n\n<div class=\"bde-div-218-241 bde-div\">\n  \n  \n\t\n\n\n\n<div class=\"bde-div-218-242 bde-div\" data-entrance=\"slideUp\">\n  \n  \n\t\n\n\n\n<div class=\"bde-image-218-243 bde-image\">\n<figure class=\"breakdance-image breakdance-image--1525\">\n\t<div class=\"breakdance-image-container\">\n\t\t<div class=\"breakdance-image-clip\"><img decoding=\"async\" class=\"breakdance-image-object\" src=\"https:\/\/www.tbfsam.com\/wp-content\/uploads\/tbf-rosinenpicker-handybild.png\" width=\"1920\" height=\"1230\" srcset=\"https:\/\/www.tbfsam.com\/wp-content\/uploads\/tbf-rosinenpicker-handybild.png 1920w, https:\/\/www.tbfsam.com\/wp-content\/uploads\/tbf-rosinenpicker-handybild-300x192.png 300w, https:\/\/www.tbfsam.com\/wp-content\/uploads\/tbf-rosinenpicker-handybild-1024x656.png 1024w, https:\/\/www.tbfsam.com\/wp-content\/uploads\/tbf-rosinenpicker-handybild-150x96.png 150w, https:\/\/www.tbfsam.com\/wp-content\/uploads\/tbf-rosinenpicker-handybild-768x492.png 768w, https:\/\/www.tbfsam.com\/wp-content\/uploads\/tbf-rosinenpicker-handybild-1536x984.png 1536w\" sizes=\"(max-width: 1920px) 100vw, 1920px\"><\/div>\n\t<\/div><\/figure>\n\n<\/div><div class=\"bde-image-218-244 bde-image\">\n<figure class=\"breakdance-image breakdance-image--1525\">\n\t<div class=\"breakdance-image-container\">\n\t\t<div class=\"breakdance-image-clip\"><img decoding=\"async\" class=\"breakdance-image-object\" src=\"https:\/\/www.tbfsam.com\/wp-content\/uploads\/tbf-rosinenpicker-handybild.png\" width=\"1920\" height=\"1230\" srcset=\"https:\/\/www.tbfsam.com\/wp-content\/uploads\/tbf-rosinenpicker-handybild.png 1920w, https:\/\/www.tbfsam.com\/wp-content\/uploads\/tbf-rosinenpicker-handybild-300x192.png 300w, https:\/\/www.tbfsam.com\/wp-content\/uploads\/tbf-rosinenpicker-handybild-1024x656.png 1024w, https:\/\/www.tbfsam.com\/wp-content\/uploads\/tbf-rosinenpicker-handybild-150x96.png 150w, https:\/\/www.tbfsam.com\/wp-content\/uploads\/tbf-rosinenpicker-handybild-768x492.png 768w, https:\/\/www.tbfsam.com\/wp-content\/uploads\/tbf-rosinenpicker-handybild-1536x984.png 1536w\" sizes=\"(max-width: 1920px) 100vw, 1920px\"><\/div>\n\t<\/div><\/figure>\n\n<\/div><div class=\"bde-div-218-245 bde-div\">\n  \n  \n\t\n\n\n\n<div class=\"bde-button-218-246 bde-button\">\n        \n    \n    \n    \n    \n            \n                    \n            \n            \n\n    \n    \n    \n    \n    \n    <a class=\"breakdance-link button-atom button-atom--custom bde-button__button\" href=\"https:\/\/podcastd25b14.podigee.io\/41-neue-episode\" target=\"_blank\" data-type=\"url\" rel=\"nofollow noopener\">\n\n    \n        <span class=\"button-atom__text\">reinh\u00f6ren<\/span>\n\n        \n        \n                <\/a>\n\n    \n\n\n<\/div>\n<\/div>\n<\/div><div class=\"bde-div-218-247 bde-div\">\n  \n  \n\t\n\n\n\n<h1 class=\"bde-dual-heading-218-248 bde-dual-heading\">\n\n\n            <span data-style=\"primary\" class=\"dual-heading--primary  \">Unser<\/span>\n\n            <span data-style=\"secondary\" class=\"dual-heading--secondary  \">Podcast<\/span>\n\n            <span data-style=\"primary\" class=\"dual-heading--primary  \">\u2013 Der TBF Rosinenpicker<\/span>\n\n\n\n<\/h1><div class=\"bde-text-218-249 bde-text\">\nH\u00f6ren Sie rein und entdecken Sie die \u201eRosinen\u201c der Finanzwelt\n<\/div><div class=\"bde-text-218-250 bde-text\">\nIm Podcast \u201eTBF Rosinenpicker\u201c teilen unsere Experten ihre Perspektiven zu aktuellen Marktentwicklungen. H\u00f6ren Sie spannende Interviews rund um unsere Anlagestrategien.\n<\/div><div class=\"bde-button-218-251 bde-button\">\n        \n    \n    \n    \n    \n            \n                    \n            \n            \n\n    \n    \n    \n    \n    \n    <a class=\"breakdance-link button-atom button-atom--custom bde-button__button\" href=\"https:\/\/www.tbfsam.com\/mediathek\/podcast\/\" target=\"_self\" data-type=\"url\">\n\n    \n        <span class=\"button-atom__text\">zum Podcast<\/span>\n\n                            \n        \n                <\/a>\n\n    \n\n\n<\/div>\n<\/div>\n<\/div>\n<\/div><\/div>\n<\/section><section class=\"bde-section-218-153 bde-section\">\n  \n  \n\t\n\n\n\n<div class=\"section-container\"><div class=\"bde-div-218-167 bde-div\">\n  \n  \n\t\n\n\n\n<div class=\"bde-div-218-168 bde-div\">\n  \n  \n\t\n\n\n\n<h1 class=\"bde-heading-218-156 bde-heading\">\nNews\n<\/h1><div class=\"bde-text-218-157 bde-text\">\nPresse und Auszeichnungen\n<\/div><div class=\"bde-text-218-232 bde-text\">\nErfahren Sie unmittelbar von bedeutsamen Neuigkeiten rund um TBF. Ob aktuelle Pressemitteilungen oder erhaltene Auszeichnungen f\u00fcr unsere Fonds  - Hier bleiben Sie auf dem Laufenden! F\u00fcr Medienanfragen oder weitere Informationen stehen wir Ihnen gerne zur Verf\u00fcgung. Kontaktieren Sie uns jederzeit!\n<\/div><div class=\"bde-button-218-171 bde-button\">\n        \n    \n    \n    \n    \n            \n                    \n            \n            \n\n    \n    \n    \n    \n    \n    <a class=\"breakdance-link button-atom button-atom--custom bde-button__button\" href=\"https:\/\/www.tbfsam.com\/de\/das-ist-tbf\/news\/\" target=\"_self\" data-type=\"url\">\n\n    \n        <span class=\"button-atom__text\">zu den Beitr\u00e4gen<\/span>\n\n                            \n        \n                <\/a>\n\n    \n\n\n<\/div>\n<\/div><div class=\"bde-div-218-169 bde-div\">\n              \n  \n  \n\t\n\n  <div class=\"section-background-overlay\"><\/div>\n\n\n<div class=\"bde-icon-218-160 bde-icon\">\n\n    \n            <div class=\"bde-icon-icon breakdance-icon-atom\" >\n    \n                    <svg version=\"1.1\" id=\"Ebene_1\" xmlns=\"http:\/\/www.w3.org\/2000\/svg\" xmlns:xlink=\"http:\/\/www.w3.org\/1999\/xlink\" x=\"0px\" y=\"0px\" viewBox=\"0 0 500 500\" style=\"enable-background:new 0 0 500 500;\" xml:space=\"preserve\">\r\n<style type=\"text\/css\">\r\n\t.st0{display:none;}\r\n\t.st1{stroke:#000000;stroke-width:5.000000e-02;stroke-miterlimit:10;stroke-opacity:5.000000e-02;}\r\n<\/style>\r\n<g id=\"Ebene_1_00000103968632503787241350000016811185357917610409_\" class=\"st0\">\r\n\t\r\n\t\t<image style=\"display:inline;overflow:visible;enable-background:new    ;\" width=\"429\" height=\"332\" xlink:href=\"A1C88C2FBBCC9757.png\" transform=\"matrix(1.31 0 0 1.31 -50.28 19.82)\">\r\n\t<\/image>\r\n<\/g>\r\n<path class=\"st1\" d=\"M355.1,53.5c-37.4-33.5-85.7-48.8-136-43.3C138.4,19.2,73.9,84.4,65.7,165.2c-5.4,53.1,13.2,104.8,51,142  c31,30.5,44.8,61,44.8,98.6c0,5.3,4.3,9.7,9.7,9.7h135.5c5.3,0,9.7-4.3,9.7-9.7c0-38,13.6-68.2,44.2-98  c33.9-33,52.6-77.3,52.6-124.6S391.9,86.6,355.1,53.5L355.1,53.5z M180.6,396.2c-0.4-6.6-1.3-13-2.5-19.3h121.6  c-1.2,6.3-2.1,12.7-2.4,19.4L180.6,396.2L180.6,396.2z M216.8,331.3l-16.5-16.5v-12c12.3,4.1,25.5,6.3,39.2,6.3s26.2-2.1,38.2-6  v11.6l-16.5,16.5c-1.8,1.8-2.8,4.3-2.8,6.8v19.4h-38.7v-19.4C219.6,335.6,218.6,333.1,216.8,331.3L216.8,331.3z M239.4,289.8  C180.7,289.8,133,242,133,183.3S180.7,76.9,239.4,76.9s106.4,47.8,106.4,106.4S298.1,289.8,239.4,289.8z M347,294  c-20.8,20.2-34.5,40.8-42.3,63.5h-27.1v-15.3l16.5-16.5c1.8-1.8,2.8-4.3,2.8-6.8V295c40.4-20.9,68.2-63.1,68.2-111.7  c0-69.4-56.4-125.8-125.8-125.8S113.6,114,113.6,183.3c0,48.2,27.3,90.2,67.3,111.3v24.2c0,2.6,1,5,2.8,6.8l16.5,16.5v15.3H173  c-7.9-22.6-21.8-43.4-42.8-64.1C96.7,260.4,80.2,214.4,85,167.2c7.3-71.8,64.6-129.7,136.3-137.6c44.7-5,87.7,8.7,120.9,38.4  c32.8,29.3,51.6,71.4,51.6,115.4S377.2,264.7,347,294L347,294z\"\/>\r\n<path class=\"st1\" d=\"M306.7,434.9H171.2c-5.3,0-9.7,4.3-9.7,9.7s4.3,9.7,9.7,9.7h19.4v29c0,5.3,4.3,9.7,9.7,9.7h77.4  c5.3,0,9.7-4.3,9.7-9.7v-29h19.4c5.3,0,9.7-4.3,9.7-9.7S312,434.9,306.7,434.9L306.7,434.9z M268,473.6h-58.1v-19.4H268V473.6z\"\/>\r\n<path class=\"st1\" d=\"M314,128.1c-11-11-30.1-11-41,0L220,181l-14.2-14.2c-11.3-11.3-29.7-11.3-41.1,0c-11.3,11.3-11.3,29.7,0,41.1  l27.9,27.9c7.5,7.5,17.5,11.3,27.4,11.3s19.8-3.8,27.4-11.3l66.6-66.6C325.3,157.9,325.3,139.4,314,128.1L314,128.1z M300.3,155.5  L233.7,222c-7.6,7.5-19.8,7.5-27.4,0l-27.9-27.9c-3.8-3.8-3.8-9.9,0-13.7c3.7-3.6,10-3.6,13.7,0l21,21c3.8,3.8,9.9,3.8,13.7,0  l59.7-59.7c3.8-3.8,9.9-3.8,13.7,0C304,145.6,304,151.7,300.3,155.5L300.3,155.5z\"\/>\r\n<path class=\"st1\" d=\"M461.5,173.7h-19.4c-5.3,0-9.7,4.3-9.7,9.7s4.3,9.7,9.7,9.7h19.4c5.3,0,9.7-4.3,9.7-9.7  S466.8,173.7,461.5,173.7z\"\/>\r\n<path class=\"st1\" d=\"M414.9,91.4c1.6,0,3.3-0.4,4.8-1.3l16.8-9.7c4.6-2.7,6.2-8.6,3.5-13.2c-2.7-4.6-8.6-6.2-13.2-3.5  c0,0-16.7,9.7-16.8,9.7C401.9,78.1,405,91.3,414.9,91.4z\"\/>\r\n<path class=\"st1\" d=\"M436.5,286.2l-16.8-9.7c-4.6-2.7-10.5-1.1-13.2,3.5c-2.7,4.6-1.1,10.5,3.5,13.2c0,0,16.7,9.7,16.8,9.7  c4.4,2.5,10.5,1.1,13.2-3.5C442.7,294.8,441.1,288.9,436.5,286.2z\"\/>\r\n<path class=\"st1\" d=\"M45.4,183.3c0-5.3-4.3-9.7-9.7-9.7H16.4c-5.3,0-9.7,4.3-9.7,9.7s4.3,9.7,9.7,9.7h19.4  C41.1,193,45.4,188.7,45.4,183.3z\"\/>\r\n<path class=\"st1\" d=\"M41.4,80.4c0,0,16.7,9.7,16.8,9.7c4.4,2.5,10.5,1.1,13.2-3.5C74,82,72.4,76,67.8,73.4l-16.8-9.7  c-4.6-2.7-10.5-1.1-13.2,3.5C35.2,71.9,36.7,77.8,41.4,80.4z\"\/>\r\n<path class=\"st1\" d=\"M58.1,276.5l-16.8,9.7c-4.6,2.7-6.2,8.6-3.5,13.2c2.5,4.4,8.6,6.2,13.2,3.5l16.8-9.7c4.6-2.7,6.2-8.6,3.5-13.2  C68.7,275.5,62.7,273.9,58.1,276.5z\"\/>\r\n<\/svg>\n        \n        \n        \n            <\/div>\n    \n\n\n<\/div><div class=\"bde-text-218-161 bde-text\">\nmarkets never sleep\n<\/div><h1 class=\"bde-heading-218-219 bde-heading\" data-parallax=\"true\">\nFINDEN SIE MIT UNS IHREN RICHTIGEN WEG\n<\/h1>\n<\/div><div class=\"bde-div-218-170 bde-div\">\n  \n  \n\t\n\n\n\n<h1 class=\"bde-heading-218-164 bde-heading\">\nEvents\n<\/h1><div class=\"bde-text-218-165 bde-text\">\nAlle kommenden Events und Webinare im \u00dcberblick \n<\/div><div class=\"bde-text-218-233 bde-text\">\nBleiben Sie informiert und sichern Sie sich wertvolles Wissen aus erster Hand. Unsere Webinare bieten exklusive Einblicke in aktuelle Investmentthemen und Trends. Wir freuen uns auf den gemeinsamen Austausch online und bei Veranstaltungen. Seien Sie dabei und erweitern Sie Ihre Anlagestrategien!\n<\/div><div class=\"bde-button-218-172 bde-button\">\n        \n    \n    \n    \n    \n            \n                    \n            \n            \n\n    \n    \n    \n    \n    \n    <a class=\"breakdance-link button-atom button-atom--custom bde-button__button\" href=\"https:\/\/www.tbfsam.com\/das-ist-tbf\/events\/\" target=\"_self\" data-type=\"url\">\n\n    \n        <span class=\"button-atom__text\">Events einsehen<\/span>\n\n                            \n        \n                <\/a>\n\n    \n\n\n<\/div>\n<\/div>\n<\/div><\/div>\n<\/section>","protected":false},"excerpt":{"rendered":"<p>WISSENAUF ABRUF Unsere Videos wissen, was bewegt Informative Webinare, aktuelle Unternehmensbesuche und mehr \u2026 In unserer Video-Sammlung bieten wir Ihnen nicht nur pr\u00e4gnante Marktanalysen und Experteninterviews, sondern auch informative Webinare, spannende Fieldtrips und anschauliche Erkl\u00e4rvideos. Entdecken Sie fundierte Einblicke, praxisorientierte Anlagestrategien und aktuelle Trends \u2013 so halten wir Sie immer auf dem neuesten Stand. zu [&hellip;]<\/p>\n","protected":false},"author":1,"featured_media":0,"parent":0,"menu_order":0,"comment_status":"closed","ping_status":"closed","template":"","meta":{"_acf_changed":false,"_breakdance_hide_in_design_set":false,"_breakdance_tags":"","footnotes":""},"class_list":["post-218","page","type-page","status-publish","hentry"],"acf":[],"publishpress_future_action":{"enabled":false,"date":"2026-05-05 11:11:41","action":"change-status","newStatus":"draft","terms":[],"taxonomy":"","extraData":[]},"publishpress_future_workflow_manual_trigger":{"enabledWorkflows":[]},"_links":{"self":[{"href":"https:\/\/www.tbfsam.com\/de\/wp-json\/wp\/v2\/pages\/218","targetHints":{"allow":["GET"]}}],"collection":[{"href":"https:\/\/www.tbfsam.com\/de\/wp-json\/wp\/v2\/pages"}],"about":[{"href":"https:\/\/www.tbfsam.com\/de\/wp-json\/wp\/v2\/types\/page"}],"author":[{"embeddable":true,"href":"https:\/\/www.tbfsam.com\/de\/wp-json\/wp\/v2\/users\/1"}],"replies":[{"embeddable":true,"href":"https:\/\/www.tbfsam.com\/de\/wp-json\/wp\/v2\/comments?post=218"}],"version-history":[{"count":5,"href":"https:\/\/www.tbfsam.com\/de\/wp-json\/wp\/v2\/pages\/218\/revisions"}],"predecessor-version":[{"id":6809,"href":"https:\/\/www.tbfsam.com\/de\/wp-json\/wp\/v2\/pages\/218\/revisions\/6809"}],"wp:attachment":[{"href":"https:\/\/www.tbfsam.com\/de\/wp-json\/wp\/v2\/media?parent=218"}],"curies":[{"name":"wp","href":"https:\/\/api.w.org\/{rel}","templated":true}]}}