{"id":244,"date":"2024-08-23T11:22:29","date_gmt":"2024-08-23T09:22:29","guid":{"rendered":"http:\/\/wordpress.p671235.webspaceconfig.de\/?page_id=244"},"modified":"2026-04-10T11:58:07","modified_gmt":"2026-04-10T09:58:07","slug":"impressum","status":"publish","type":"page","link":"https:\/\/www.tbfsam.com\/de\/impressum\/","title":{"rendered":"Impressum"},"content":{"rendered":"<section class=\"bde-section-244-100 bde-section\">\n  \n  \n\t\n\n\n\n<div class=\"section-container\"><\/div>\n<\/section><section class=\"bde-section-244-101 bde-section\" data-entrance=\"fade\">\n              \n  \n  \n\t\n\n  <div class=\"section-background-overlay\"><\/div>\n\n\n<div class=\"section-container\"><div class=\"bde-div-244-102 bde-div\">\n  \n  \n\t\n\n\n\n<h1 class=\"bde-heading-244-103 bde-heading\">\nrechtliche<br>Anmerkungen<br>Impressum\n<\/h1>\n<\/div><div class=\"de-scroll-button-244-104 de-scroll-button\" role=\"button\" aria-label=\"Scroll Button\">\n  <div class=\"de-icon mouse\">      \n        \t<div class=\"scroll\"><\/div>\n  \t  <\/div>\n\n\n<\/div><\/div>\n<\/section><section class=\"bde-section-244-105 bde-section\" data-entrance=\"fade\">\n  \n  \n\t\n\n\n\n<div class=\"section-container\"><div class=\"bde-div-244-119 bde-div\">\n  \n  \n\t\n\n\n\n<div class=\"bde-shortcode-244-120 bde-shortcode impressum\"><div style=\"word-wrap: break-word;\"><h1>Impressum<\/h1>\n\n<p>TBF Sales and Marketing GmbH<br \/>\nMaggistr. 5<br \/>\n78224 Singen<\/p>\n\n<p>Handelsregister: AG Freiburg HRB 712078<br \/>\nRegistergericht: Amtsgericht Freiburg<\/p>\n\n<p><strong>Vertreten durch:<\/strong><br \/>\nPeter Dreide, Nicole Thome<\/p>\n\n<h2>Kontakt<\/h2>\n<p>Telefon: +49 40 \/ 308 533 5 &ndash; 0<br \/>\nTelefax: +49 40 \/ 308 533 5 &ndash; 0<br \/>\nE-Mail: info@tbfsam.com<\/p>\n\n<h2>Umsatzsteuer-ID<\/h2>\n<p>Umsatzsteuer-Identifikationsnummer gem&auml;&szlig; &sect; 27 a Umsatzsteuergesetz:<br \/>\nDE 296953158<\/p>\n\n<h2>Aufsichtsbeh&ouml;rde<\/h2>\n<p>Industrie- und Handelskammer Hochrhein-Bodensee<br \/>\nReichenaustr. 21 - 78467 Konstanz<br \/>\r\nPostfach 10 09 43 - 78409 Konstanz<\/p>\n<p><a href=\"https:\/\/www.ihk.de\/konstanz\/\" target=\"_blank\" rel=\"noopener noreferrer nofollow\">https:\/\/www.ihk.de\/konstanz\/<\/a><\/p>\n\n<h2>Redaktionell verantwortlich<\/h2>\n<p>Dirk Zabel<br \/>\r\nLangenhorner Chaussee 666<br \/>\r\n22419 Hamburg<br \/>\r\n+49 40 \/ 308 533 50<br \/>\r\ninfo@tbfsam.com<\/p>\n\n<h2>Verbraucher&shy;streit&shy;beilegung\/Universal&shy;schlichtungs&shy;stelle<\/h2>\n<p>Wir sind nicht bereit oder verpflichtet, an Streitbeilegungsverfahren vor einer Verbraucherschlichtungsstelle teilzunehmen.<\/p><\/div><\/div>\n<\/div><div class=\"bde-div-244-122 bde-div\">\n  \n  \n\t\n\n\n\n<div class=\"bde-accordion-244-145 bde-accordion bde-accordion--bordered-bottom\"><div class=\"bde-accordion__content-wrapper-244-146 bde-accordion__content-wrapper\">\n<h3 class=\"bde-accordion__title-tag\">\n  <button type=\"button\" class=\"bde-accordion__button\" id=\"accordion-button-146\" aria-controls=\"accordion-panel-146\" aria-expanded=\"false\">\n     <span class=\"bde-accordion__title\" >Inhalte und Informationen der Website<\/span>\n     <span class=\"bde-accordion__icon bde-accordion__icon--default\"><\/span>\n     <span class=\"bde-accordion__icon bde-accordion__icon--active\"><\/span>\n  <\/button>\n<\/h3>\n\n<div role=\"region\" class=\"bde-accordion__panel\" id=\"accordion-panel-146\" aria-labelledby=\"accordion-button-146\">\n    <div class=\"bde-accordion__panel-content\">\n        <div class=\"bde-text-244-125 bde-text\">\n1. Allgemeine Hinweise<br><br>Die auf dieser Website bereitgestellten Inhalte dienen ausschlie\u00dflich der allgemeinen Information \u00fcber die Produkte und Dienstleistungen der TBF. Sie stellen keine Anlage-, Rechts- oder Steuerberatung dar.<br><br>Die Informationen sind weder als Angebot noch als Empfehlung oder Aufforderung zu verstehen, eine Anlageentscheidung zu treffen oder ein sonstiges Rechtsgesch\u00e4ft abzuschlie\u00dfen. Sie dienen nicht als Grundlage f\u00fcr individuelle Anlageentscheidungen, sondern ausschlie\u00dflich Ihrer eigenverantwortlichen Unterrichtung. Eine individuelle anleger- und produktgerechte Beratung durch fachkundige Personen ist vor jeder Anlageentscheidung unerl\u00e4sslich und wird dringend empfohlen.<br><br><br>2. Informationen ausschlie\u00dflich f\u00fcr professionelle Kunden<br><br>Die Inhalte dieser Website richten sich ausschlie\u00dflich an \u201eprofessionelle Kunden\u201c im Sinne des \u00a7 67 WpHG. \u201eProfessionelle Kunden\u201c sind Kunden, die \u00fcber ausreichende Erfahrungen, Kenntnisse und Sachverstand verf\u00fcgen, um Anlageentscheidungen zu treffen und damit verbundene Risiken angemessen beurteilen zu k\u00f6nnen (z.B. Wertpapierdienstleistungsunternehmen, Finanzinstitute, Verm\u00f6gensverwaltungsgesellschaften). Sollten Sie nicht zu dieser Kategorie geh\u00f6ren, bitten wir Sie, unsere Website nicht weiter zu nutzen.<br><br><br>3. Lokale gesetzliche Einschr\u00e4nkungen<br><br>Die Informationen auf dieser Website richten sich nicht an nat\u00fcrliche oder juristische Personen, deren Wohn- oder Gesch\u00e4ftssitz einer ausl\u00e4ndischen Rechtsordnung unterliegt, die den Vertrieb der Produkte und Dienstleistungen der TBF gesetzlichen oder regulatorischen Beschr\u00e4nkungen unterwirft. Insbesondere sind die Informationen nicht f\u00fcr den Vertrieb in den USA bestimmt und richten sich nicht an US-Personen (d.h. Personen, die Staatsangeh\u00f6rige der USA sind, ihren Wohnsitz oder gew\u00f6hnlichen Aufenthalt in den USA haben oder anderweitig dem Recht der USA unterliegen) oder US-Gesellschaften (d.h. Gesellschaften, die nach dem Recht der USA gegr\u00fcndet wurden, ihren Sitz in den USA haben oder anderweitig dem Recht der USA unterliegen). Dies gilt auch f\u00fcr sp\u00e4tere \u00dcbertragungen von Fondsanteilen in die USA bzw. an US-Personen\/Gesellschaften.<br><br>The information on this website is not intended for individuals or legal entities whose place of residence or business is subject to a foreign legal system that imposes legal or regulatory restrictions on the distribution of TBF's products and services. Specifically, the information is not intended for distribution in the United States and is not directed at U.S. persons (i.e., individuals who are citizens of the United States, who reside in the United States, who have their usual place of residence in the United States, or who are otherwise subject to U.S. law) or U.S. entities (i.e., entities incorporated under the laws of the United States, having their principal place of business in the United States, or who are otherwise subject to U.S. law). This also applies to any subsequent transfer of fund shares to the United States or to U.S. persons\/entities.<br><br><br>4. Werteentwicklung und -prognosen<br><br>Bitte beachten Sie, dass der Wert einer Anlage und die daraus erzielten Ertr\u00e4ge sowohl steigen als auch fallen k\u00f6nnen. Anleger m\u00fcssen daher bereit und in der Lage sein, Verluste des investierten Kapitals hinzunehmen. Die Wertentwicklung in der Vergangenheit ist keine Garantie f\u00fcr die zuk\u00fcnftige Wertentwicklung einer Anlage.<br><br>Allf\u00e4llige in die Zukunft gerichtete Aussagen der TBF geben ausschlie\u00dflich die Ansicht der TBF wieder und k\u00f6nnen von den tats\u00e4chlichen Entwicklungen und Ergebnissen auf den Finanzm\u00e4rkten erheblich abweichen.<br><br>Ausf\u00fchrliche Risikohinweise zu den einzelnen TBF-Fonds sind in den jeweiligen Verkaufsunterlagen enthalten. Anlegern wird ausdr\u00fccklich empfohlen, diese Risikohinweise vor einer Anlageentscheidung sorgf\u00e4ltig zu lesen.<br><br><br>5. Keine Gew\u00e4hr f\u00fcr die Aktualit\u00e4t, Richtigkeit und Vollst\u00e4ndigkeit der Informationen<br><br>Die Inhalte dieser Website werden mit der im Gesch\u00e4ftsverkehr erforderlichen Sorgfalt erstellt und regelm\u00e4\u00dfig aktualisiert. Dennoch unterliegen diese h\u00e4ufig kurzfristigen Ver\u00e4nderungen. Eine Haftung oder Garantie f\u00fcr die Aktualit\u00e4t, Richtigkeit und Vollst\u00e4ndigkeit der zur Verf\u00fcgung gestellten Informationen kann daher nicht \u00fcbernommen werden. Es liegt in Ihrer eigenen Verantwortung, die Richtigkeit, Vollst\u00e4ndigkeit und Angemessenheit der auf dieser Website bereitgestellten Informationen zu beurteilen.\n<\/div>\n    <\/div>\n<\/div>\n\n\n\n<\/div><div class=\"bde-accordion__content-wrapper-244-156 bde-accordion__content-wrapper\">\n<h3 class=\"bde-accordion__title-tag\">\n  <button type=\"button\" class=\"bde-accordion__button\" id=\"accordion-button-156\" aria-controls=\"accordion-panel-156\" aria-expanded=\"false\">\n     <span class=\"bde-accordion__title\" >Haftung f\u00fcr Inhalte<\/span>\n     <span class=\"bde-accordion__icon bde-accordion__icon--default\"><\/span>\n     <span class=\"bde-accordion__icon bde-accordion__icon--active\"><\/span>\n  <\/button>\n<\/h3>\n\n<div role=\"region\" class=\"bde-accordion__panel\" id=\"accordion-panel-156\" aria-labelledby=\"accordion-button-156\">\n    <div class=\"bde-accordion__panel-content\">\n        <div class=\"bde-text-244-157 bde-text\">\nAls Diensteanbieter sind wir f\u00fcr eigene Inhalte auf diesen Seiten nach den allgemeinen Gesetzen verantwortlich. Nach Artikel 8 DSA sind wir als Diensteanbieter jedoch nicht verpflichtet, \u00fcbermittelte oder gespeicherte fremde Informationen zu \u00fcberwachen oder nach Umst\u00e4nden zu forschen, die auf eine rechtswidrige T\u00e4tigkeit hinweisen.<br><br>Verpflichtungen zur Entfernung oder Sperrung der Nutzung von Informationen nach den allgemeinen Gesetzen bleiben hiervon unber\u00fchrt. Eine diesbez\u00fcgliche Haftung ist jedoch erst ab dem Zeitpunkt der Kenntnis einer konkreten Rechtsverletzung m\u00f6glich. Bei Bekanntwerden von entsprechenden Rechtsverletzungen werden wir diese Inhalte umgehend entfernen.\n<\/div>\n    <\/div>\n<\/div>\n\n\n\n<\/div><div class=\"bde-accordion__content-wrapper-244-150 bde-accordion__content-wrapper\">\n<h3 class=\"bde-accordion__title-tag\">\n  <button type=\"button\" class=\"bde-accordion__button\" id=\"accordion-button-150\" aria-controls=\"accordion-panel-150\" aria-expanded=\"false\">\n     <span class=\"bde-accordion__title\" >Haftung f\u00fcr Links<\/span>\n     <span class=\"bde-accordion__icon bde-accordion__icon--default\"><\/span>\n     <span class=\"bde-accordion__icon bde-accordion__icon--active\"><\/span>\n  <\/button>\n<\/h3>\n\n<div role=\"region\" class=\"bde-accordion__panel\" id=\"accordion-panel-150\" aria-labelledby=\"accordion-button-150\">\n    <div class=\"bde-accordion__panel-content\">\n        <div class=\"bde-text-244-127 bde-text\">\nUnser Angebot enth\u00e4lt Links zu externen Websites Dritter, auf deren Inhalte wir keinen Einfluss haben. Deshalb k\u00f6nnen wir f\u00fcr diese fremden Inhalte auch keine Gew\u00e4hr \u00fcbernehmen. F\u00fcr die Inhalte der verlinkten Seiten ist stets der jeweilige Anbieter oder Betreiber der Seiten verantwortlich. Die verlinkten Seiten wurden zum Zeitpunkt der Verlinkung auf m\u00f6gliche Rechtsverst\u00f6\u00dfe \u00fcberpr\u00fcft. Rechtswidrige Inhalte waren zum Zeitpunkt der Verlinkung nicht erkennbar.<br><br>Eine permanente inhaltliche Kontrolle der verlinkten Seiten ist jedoch ohne konkrete Anhaltspunkte einer Rechtsverletzung nicht zumutbar. Bei Bekanntwerden von Rechtsverletzungen werden wir derartige Links umgehend entfernen.\n<\/div>\n    <\/div>\n<\/div>\n\n\n\n<\/div><div class=\"bde-accordion__content-wrapper-244-152 bde-accordion__content-wrapper\">\n<h3 class=\"bde-accordion__title-tag\">\n  <button type=\"button\" class=\"bde-accordion__button\" id=\"accordion-button-152\" aria-controls=\"accordion-panel-152\" aria-expanded=\"false\">\n     <span class=\"bde-accordion__title\" >Urheberrecht<\/span>\n     <span class=\"bde-accordion__icon bde-accordion__icon--default\"><\/span>\n     <span class=\"bde-accordion__icon bde-accordion__icon--active\"><\/span>\n  <\/button>\n<\/h3>\n\n<div role=\"region\" class=\"bde-accordion__panel\" id=\"accordion-panel-152\" aria-labelledby=\"accordion-button-152\">\n    <div class=\"bde-accordion__panel-content\">\n        <div class=\"bde-text-244-129 bde-text\">\nDie durch die Seitenbetreiber erstellten Inhalte und Werke auf diesen Seiten unterliegen dem deutschen Urheberrecht. Die Vervielf\u00e4ltigung, Bearbeitung, Verbreitung und jede Art der Verwertung au\u00dferhalb der Grenzen des Urheberrechtes bed\u00fcrfen der schriftlichen Zustimmung des jeweiligen Autors bzw. Erstellers. Downloads und Kopien dieser Seite sind nur f\u00fcr den privaten, nicht kommerziellen Gebrauch gestattet.<br><br>Soweit die Inhalte auf dieser Seite nicht vom Betreiber erstellt wurden, werden die Urheberrechte Dritter beachtet. Insbesondere werden Inhalte Dritter als solche gekennzeichnet. Sollten Sie trotzdem auf eine Urheberrechtsverletzung aufmerksam werden, bitten wir um einen entsprechenden Hinweis. Bei Bekanntwerden von Rechtsverletzungen werden wir derartige Inhalte umgehend entfernen.\n<\/div>\n    <\/div>\n<\/div>\n\n\n\n<\/div><div class=\"bde-accordion__content-wrapper-244-154 bde-accordion__content-wrapper\">\n<h3 class=\"bde-accordion__title-tag\">\n  <button type=\"button\" class=\"bde-accordion__button\" id=\"accordion-button-154\" aria-controls=\"accordion-panel-154\" aria-expanded=\"false\">\n     <span class=\"bde-accordion__title\" >Verzicht auf Abmahnung<\/span>\n     <span class=\"bde-accordion__icon bde-accordion__icon--default\"><\/span>\n     <span class=\"bde-accordion__icon bde-accordion__icon--active\"><\/span>\n  <\/button>\n<\/h3>\n\n<div role=\"region\" class=\"bde-accordion__panel\" id=\"accordion-panel-154\" aria-labelledby=\"accordion-button-154\">\n    <div class=\"bde-accordion__panel-content\">\n        <div class=\"bde-text-244-131 bde-text\">\nSollte der Inhalt oder die Gestaltung Rechte Dritter oder gesetzliche Bestimmungen verletzen, so bitten wir unter Berufung auf \u00a7 8 Abs. 4 UWG, um eine angemessene, ausreichend erl\u00e4uternde Nachricht ohne Kostennote. Wir garantieren, dass rechtm\u00e4\u00dfig beanstandete Passagen oder Teile in angemessener Frist entfernt bzw. den rechtlichen Vorgaben umf\u00e4nglich angepasst werden, ohne dass die Einschaltung eines Rechtsbeistandes erforderlich ist.<br><br>Die Einschaltung eines Anwalts zur f\u00fcr den Dienstanbieter kostenpflichtigen Abmahnung entspricht nicht dessen wirklichem oder mutma\u00dflichem Willen und w\u00fcrde damit einen Versto\u00df gegen das UWG wegen der Verfolgung sachfremder Ziele als beherrschendes Motiv der Verfahrenseinleitung, insbesondere einer Kostenerzielungsabsicht als eigentliches Motiv, sowie einen Versto\u00df gegen die Schadensminderungspflicht darstellen.\n<\/div>\n    <\/div>\n<\/div>\n\n\n\n<\/div><div class=\"bde-accordion__content-wrapper-244-158 bde-accordion__content-wrapper\">\n<h3 class=\"bde-accordion__title-tag\">\n  <button type=\"button\" class=\"bde-accordion__button\" id=\"accordion-button-158\" aria-controls=\"accordion-panel-158\" aria-expanded=\"false\">\n     <span class=\"bde-accordion__title\" >Verschiedenes<\/span>\n     <span class=\"bde-accordion__icon bde-accordion__icon--default\"><\/span>\n     <span class=\"bde-accordion__icon bde-accordion__icon--active\"><\/span>\n  <\/button>\n<\/h3>\n\n<div role=\"region\" class=\"bde-accordion__panel\" id=\"accordion-panel-158\" aria-labelledby=\"accordion-button-158\">\n    <div class=\"bde-accordion__panel-content\">\n        <div class=\"bde-text-244-159 bde-text\">\n1. Betrieb und \u00c4nderungen der Website<br><br>Eine ununterbrochene Verf\u00fcgbarkeit der Website kann nicht gew\u00e4hrleistet werden. TBF beh\u00e4lt sich daher das Recht vor, den Betrieb dieser Website jederzeit ganz oder teilweise einzuschr\u00e4nken oder vor\u00fcbergehend oder endg\u00fcltig einzustellen.<br><br>TBF beh\u00e4lt sich ferner das Recht vor, Inhalte dieser Website jederzeit ganz oder teilweise zu ver\u00e4ndern, zu erg\u00e4nzen, zu l\u00f6schen oder zeitweise oder endg\u00fcltig einzustellen.<br><br><br>2. Anwendbares Recht und Gerichtsstand<br><br>Die Nutzung dieser Website unterliegt, soweit gesetzlich zul\u00e4ssig, dem Recht der Bundesrepublik Deutschland.<br><br>Als ausschlie\u00dflicher Gerichtsstand f\u00fcr alle Streitigkeiten aus und im Zusammenhang mit dieser Website, gleich aus welchem Rechtsgrund, wird Frankfurt vereinbart.<br><br><br>3. Kollisionsregelung<br><br>Bei Abweichungen oder Widerspr\u00fcchen zwischen diesen Bestimmungen und etwaigen vertraglichen Vereinbarungen zwischen Ihnen und der TBF haben die vertraglichen Vereinbarungen stets Vorrang.<br><br><br>4. Salvatorische Klausel<br><br>Sollte eine Bestimmung dieser Hinweise aus irgendeinem Grund unwirksam, rechtswidrig oder undurchf\u00fchrbar sein oder werden, so wird dadurch die Wirksamkeit der \u00fcbrigen Bestimmungen nicht ber\u00fchrt.\n<\/div>\n    <\/div>\n<\/div>\n\n\n\n<\/div>\r\n\r\n<\/div><div class=\"bde-div-244-136 bde-div\">\n  \n  \n\t\n\n\n\n<div class=\"bde-text-244-133 bde-text\">\nGESTALTUNG UND TECHNISCHE REALISIERUNG\n<\/div><div class=\"bde-div-244-137 bde-div\">\n  \n  \n\t\n\n\n\n<div class=\"bde-text-244-134 bde-text\">\nWERBEAGENTUR medienlove GmbH\n<\/div><a class=\"bde-text-link-244-135 bde-text-link breakdance-link\" href=\"https:\/\/medien.love\/\" target=\"_blank\" data-type=\"url\" rel=\"nofollow noopener\">\n  medien.love\n\n<\/a>\n<\/div>\n<\/div><div class=\"bde-div-244-138 bde-div\">\n  \n  \n\t\n\n\n\n<div class=\"bde-accordion-244-160 bde-accordion bde-accordion--bordered-bottom\"><div class=\"bde-accordion__content-wrapper-244-161 bde-accordion__content-wrapper\">\n<h3 class=\"bde-accordion__title-tag\">\n  <button type=\"button\" class=\"bde-accordion__button\" id=\"accordion-button-161\" aria-controls=\"accordion-panel-161\" aria-expanded=\"false\">\n     <span class=\"bde-accordion__title\" > Bild- und Videonachweise <\/span>\n     <span class=\"bde-accordion__icon bde-accordion__icon--default\"><\/span>\n     <span class=\"bde-accordion__icon bde-accordion__icon--active\"><\/span>\n  <\/button>\n<\/h3>\n\n<div role=\"region\" class=\"bde-accordion__panel\" id=\"accordion-panel-161\" aria-labelledby=\"accordion-button-161\">\n    <div class=\"bde-accordion__panel-content\">\n        <div class=\"bde-text-244-162 bde-text\">\nEinzelaufnahmen und Gruppenfotos der Mitarbeiter: \u00a9fotografie-zabel.de <br>Video Startseite Header: \u00a9shutterstock.com\/Mr.ma_2024, Stock-Foto ID:3488218175<br>Startseite - Die Welt der Fonds: \u00a9shutterstock.com\/Stocker top, Stock-Foto ID:1186117369<br>Das ist TBF - Unternehmen, Header: \u00a9shutterstock.com\/yellow duck, Stock-Foto ID: 2050918700<br>Das ist TBF - Unternehmen, Investmentprozess: \u00a9shutterstock.com\/Tapati Rinchumrus, Stock-Foto ID:2474311727<br>Das ist TBF - Fondsmanager, Header: \u00a9shutterstock.com\/AntonKhrupinArt, Stock-Foto ID:2336537087<br>Das ist TBF - Fondsmanager, Fonds\u00fcbersicht: \u00a9shutterstock.com\/U.P.SD, Stock-Foto ID:1006988995<br>Das ist TBF - Investmentprozess, Header: \u00a9shutterstock.com\/AntonKhrupinArt, Stock-Foto ID:2366766755<br>Das ist TBF - Investmentprozess, Unsere Basis: \u00a9shutterstock.com\/yellow duck, Stock-Foto ID:2229970365<br>Das ist TBF - Investmentprozess, Der Q-Faktor: \u00a9shutterstock.com\/AntonKhrupinArt, Stock-Foto ID:2318052411<br>Das ist TBF - Investmentprozess, Mehr \u00fcber unsere Fondsmanager: \u00a9shutterstock.com\/AntonKhrupinArt, Stock-Foto ID:2336537087<br>Das ist TBF - Presse, Header: \u00a9shutterstock.com\/yellow duck, Stock-Foto ID:2017036088<br>Das ist TBF - Events, Header: \u00a9shutterstock.com\/AntonKhrupinArt, Stock-Foto ID:2358080145<br>Das ist TBF - Events, FONDS PROFESSIONELL KONGRESS 2025: \u00a9shutterstock.com\/Matej Kastelic, Stock-Foto ID:2357810277<br>Das ist TBF - Transparenzen, Header: \u00a9shutterstock.com\/AntonKhrupinArt, Stock-Foto ID:2340459231<br>Das ist TBF - Jobs, Header: \u00a9shutterstock.com\/yellow duck, Stock-Foto ID:2222818213<br>Das ist TBF - Jobs, Hintergrund: \u00a9shutterstock.com\/yellow duck, Stock-Foto ID:2145676163<br>Fonds, Header: \u00a9shutterstock.com\/AntonKhrupinArt, Stock-Foto ID:2332787119<br>Fonds - Kachel 1 (TBF SPECCIAL INCOME): \u00a9istockphoto.com\/xijian, Stock-Fotografie ID: 509031122<br>Fonds - Kachel 2 (TBF SMART POWER): \u00a9shutterstock.com\/Thorsten Schier, Stock-Foto ID: 80479516<br>Fonds - Kachel 3 (TBF FIXED INCOME): \u00a9shutterstock.com\/dba duplessis, Stock-Foto ID: 486988531<br>Fonds - Kachel 4 (TBF GLOBAL VALUE): \u00a9shutterstock.com\/Tom Grill, Stock-Foto ID: 30256717<br>Fonds - TBF BALANCED: \u00a9shutterstock.com\/Alzbeta, Stock-Foto ID: 240462412<br>Fonds - TBF GLOBAL INCOME: \u00a9shutterstock.com\/elen 418, Stock-Foto ID: 35570476<br>Fonds - TBF SPECIAL INCOME: \u00a9istockphoto.com\/xijian, Stock-Fotografie ID: 509031122<br>Fonds - TBF ATTILA GLOBAL OPPORTUNITY: \u00a9shutterstock.com\/FloridaStock, Stock-Foto ID: 48369331<br>Fonds - TBF EUROPEAN OPPORTUNITIES: \u00a9shutterstock.com\/Hadrian, Stock-Foto ID: 179573879<br>Fonds - TBF GLOBAL TECHNOLOGY: \u00a9istockphoto.com\/Aslan Alphan, Stock-Fotografie ID: 647444330<br>Fonds - TBF GLOBAL VALUE: \u00a9shutterstock.com\/Tom Grill, Stock-Foto ID: 30256717<br>Fonds - TBF SMART POWER: \u00a9shutterstock.com\/Thorsten Schier, Stock-Foto ID: 80479516<br>Fonds - TBF rockcap global equity: \u00a9shutterstock.com\/Tang Yan Song, Stock-Foto ID: 1831240879<br>Fonds - TBF JAPAN: \u00a9istockphoto.com\/yongyuan, Stock-Fotografie ID: 893365942<br>Fonds - TBF FIXED INCOME: \u00a9shutterstock.com\/dba duplessis, Stock-Foto ID: 486988531<br>Fonds - TBF HQL FONDS: \u00a9shutterstock.com\/dba duplessis, Stock-Foto ID: 486988531<br>Fonds - TBF US CORPORATE BONDS: \u00a9istockphoto.com\/gremlin, Stock-Fotografie ID: 973542580<br>Fonds - Zu den Fondsmanagern: \u00a9shutterstock.com\/U.P.SD, Stock-Foto ID:1006988995<br>Mediathek, Header: \u00a9shutterstock.com\/AntonKhrupinArt, Stock-Foto ID:2317089925<br>Mediathek, Finden Sie mit uns Ihren richtigen Weg: \u00a9shutterstock.com\/Olivier Le Moal, Stock-Foto ID:1554045305<br>Videos, Header: \u00a9shutterstock.com\/Illus_man, Stock-Foto ID:1549181156<br>Videos, quadratisches Bild rechts: \u00a9eigene Aufnahme, TBF<br>Podcast, Header: \u00a9shutterstock.com\/Sunnydream, Stock-Foto ID:1165010587<br>Podcast, alle Episoden: \u00a9eigene Erstellung, TBF & \u00a9fotografie-zabel.de<br>Kontakt, Header: \u00a9shutterstock.com\/AntonKhrupinAr, Stock-Foto ID:2318052411<br>Kontakt - Hier finden Sie unser Fondsmanagement: \u00a9eigene Aufnahme, TBF<br>Impressum, Header: \u00a9shutterstock.com\/Listiana1979, Stock-Foto ID:2475141943 <br>Datenschutz, Header: \u00a9shutterstock.com\/CoreDESIGN, Stock-Foto ID:2344094701<br>Rechtliche Hinweise, Header: \u00a9shutterstock.com\/CoreDESIGN, Stock-Foto ID: 2344094701 <br>Newsletter, Header: \u00a9shutterstock.com\/yellow duck, Stock-Foto ID:1859748547 <br>404 Seite: \u00a9shutterstock.com\/Vaclav Stastny, Stock-Foto ID:2098262515 <br>\n<\/div>\n    <\/div>\n<\/div>\n\n\n\n<\/div>\r\n\r\n<\/div>\n<\/div>\n<\/div><\/div>\n<\/section>","protected":false},"excerpt":{"rendered":"<p>rechtlicheAnmerkungenImpressum Impressum TBF Sales and Marketing GmbH Maggistr. 5 78224 Singen Handelsregister: AG Freiburg HRB 712078 Registergericht: Amtsgericht Freiburg Vertreten durch: Peter Dreide, Nicole Thome Kontakt Telefon: +49 40 \/ 308 533 5 &ndash; 0 Telefax: +49 40 \/ 308 533 5 &ndash; 0 E-Mail: info@tbfsam.com Umsatzsteuer-ID Umsatzsteuer-Identifikationsnummer gem&auml;&szlig; &sect; 27 a Umsatzsteuergesetz: DE 296953158 [&hellip;]<\/p>\n","protected":false},"author":1,"featured_media":0,"parent":0,"menu_order":0,"comment_status":"closed","ping_status":"closed","template":"","meta":{"_acf_changed":false,"_breakdance_hide_in_design_set":false,"_breakdance_tags":"","footnotes":""},"class_list":["post-244","page","type-page","status-publish","hentry"],"acf":[],"publishpress_future_action":{"enabled":false,"date":"2026-05-06 08:28:40","action":"change-status","newStatus":"draft","terms":[],"taxonomy":"","extraData":[]},"publishpress_future_workflow_manual_trigger":{"enabledWorkflows":[]},"_links":{"self":[{"href":"https:\/\/www.tbfsam.com\/de\/wp-json\/wp\/v2\/pages\/244","targetHints":{"allow":["GET"]}}],"collection":[{"href":"https:\/\/www.tbfsam.com\/de\/wp-json\/wp\/v2\/pages"}],"about":[{"href":"https:\/\/www.tbfsam.com\/de\/wp-json\/wp\/v2\/types\/page"}],"author":[{"embeddable":true,"href":"https:\/\/www.tbfsam.com\/de\/wp-json\/wp\/v2\/users\/1"}],"replies":[{"embeddable":true,"href":"https:\/\/www.tbfsam.com\/de\/wp-json\/wp\/v2\/comments?post=244"}],"version-history":[{"count":5,"href":"https:\/\/www.tbfsam.com\/de\/wp-json\/wp\/v2\/pages\/244\/revisions"}],"predecessor-version":[{"id":7198,"href":"https:\/\/www.tbfsam.com\/de\/wp-json\/wp\/v2\/pages\/244\/revisions\/7198"}],"wp:attachment":[{"href":"https:\/\/www.tbfsam.com\/de\/wp-json\/wp\/v2\/media?parent=244"}],"curies":[{"name":"wp","href":"https:\/\/api.w.org\/{rel}","templated":true}]}}