{"id":248,"date":"2024-08-23T11:23:20","date_gmt":"2024-08-23T09:23:20","guid":{"rendered":"http:\/\/wordpress.p671235.webspaceconfig.de\/?page_id=248"},"modified":"2025-12-12T11:48:29","modified_gmt":"2025-12-12T10:48:29","slug":"videos","status":"publish","type":"page","link":"https:\/\/www.tbfsam.com\/de\/mediathek\/videos\/","title":{"rendered":"Videos"},"content":{"rendered":"<section class=\"bde-section-248-100 bde-section\">\n  \n  \n\t\n\n\n\n<div class=\"section-container\"><\/div>\n<\/section><section class=\"bde-section-248-101 bde-section\" data-entrance=\"fade\">\n              \n  \n  \n\t\n\n  <div class=\"section-background-overlay\"><\/div>\n\n\n<div class=\"section-container\"><div class=\"bde-div-248-102 bde-div\">\n  \n  \n\t\n\n\n\n<h1 class=\"bde-heading-248-103 bde-heading\">\nWISSEN,<br>DAS<br>BEWEGT\n<\/h1>\n<\/div><div class=\"de-scroll-button-248-104 de-scroll-button\" role=\"button\" aria-label=\"Scroll Button\">\n  <div class=\"de-icon mouse\">      \n        \t<div class=\"scroll\"><\/div>\n  \t  <\/div>\n\n\n<\/div><\/div>\n<\/section><section class=\"bde-section-248-134 bde-section\">\n  \n  \n\t\n\n\n\n<div class=\"section-container\"><div class=\"bde-div-248-135 bde-div\">\n  \n  \n\t\n\n\n\n<div class=\"bde-post-loop-248-169 bde-post-loop phox-facets-target phox-facets-target-default\"><div class=\"bde-loop bde-loop- ee-posts ee-posts-\">    <article class=\"bde-loop-item ee-post\">\n        <div class=\"bde-div-1401-100-7278-1401-1 bde-div bde-div-1401-100\">\n  \n  \n\t\n\n\n\n<img decoding=\"async\" class=\"bde-image2-1401-104-7278-1401-1 bde-image2 bde-image2-1401-104\" src=\"https:\/\/www.tbfsam.com\/wp-content\/uploads\/tbf-peter-dreide-stehend-beitrag.jpg\" alt=\"Das Bild zeigt TBF CIO Peter Dreide in Portraitansicht in Bad Homburg\" loading=\"lazy\" srcset=\"https:\/\/www.tbfsam.com\/wp-content\/uploads\/tbf-peter-dreide-stehend-beitrag.jpg 1000w, https:\/\/www.tbfsam.com\/wp-content\/uploads\/tbf-peter-dreide-stehend-beitrag-300x300.jpg 300w, https:\/\/www.tbfsam.com\/wp-content\/uploads\/tbf-peter-dreide-stehend-beitrag-150x150.jpg 150w, https:\/\/www.tbfsam.com\/wp-content\/uploads\/tbf-peter-dreide-stehend-beitrag-768x768.jpg 768w, https:\/\/www.tbfsam.com\/wp-content\/uploads\/tbf-peter-dreide-stehend-beitrag-12x12.jpg 12w\" sizes=\"(max-width: 1000px) 100vw, 1000px\"><h1 class=\"bde-heading-1401-101-7278-1401-1 bde-heading bde-heading-1401-101\">\n\u201eDer Finanz-Gourmet\u201c-Podcast\n<\/h1><div class=\"bde-text-1401-106-7278-1401-1 bde-text bde-text-1401-106\">\n21. April 2026\n<\/div><div class=\"bde-text-1401-103-7278-1401-1 bde-text bde-text-1401-103\">\nPeter Dreide war in Kupferminen im Kongo, auf der weltgr\u00f6\u00dften Rohstoffkonferenz in den USA und im Gespr\u00e4ch mit dem CEO von Europas gr\u00f6\u00dftem Energieversorger. Sein Blick auf die Energiewende ist n\u00fcchtern und unbequem.  Jetzt Podcast anh\u00f6ren bei www.private-banking-magazin.de.\n<\/div><div class=\"bde-button-1401-110-7278-1401-1 bde-button bde-button-1401-110\">\n        \n    \n    \n    \n    \n            \n            <button type=\"button\" class=\"button-atom button-atom--custom bde-button__button\"  >\n    \n        <span class=\"button-atom__text\">zum Video<\/span>\n\n                            \n        \n            <\/button>\n    \n\n\n<\/div>\n<\/div>    <\/article>\n<\/div>\r\n<\/div>\n<\/div><div class=\"bde-div-248-139 bde-div\">\n  \n  \n\t\n\n\n\n<div class=\"bde-div-248-154 bde-div\">\n  \n  \n\t\n\n\n\n<div class=\"bde-image-248-155 bde-image\">\n<figure class=\"breakdance-image breakdance-image--6361\">\n\t<div class=\"breakdance-image-container\">\n\t\t<div class=\"breakdance-image-clip\"><img decoding=\"async\" class=\"breakdance-image-object\" src=\"https:\/\/www.tbfsam.com\/wp-content\/uploads\/tbf-video-interview-sven-wiede.jpg\" width=\"1000\" height=\"1000\" srcset=\"https:\/\/www.tbfsam.com\/wp-content\/uploads\/tbf-video-interview-sven-wiede.jpg 1000w, https:\/\/www.tbfsam.com\/wp-content\/uploads\/tbf-video-interview-sven-wiede-300x300.jpg 300w, https:\/\/www.tbfsam.com\/wp-content\/uploads\/tbf-video-interview-sven-wiede-150x150.jpg 150w, https:\/\/www.tbfsam.com\/wp-content\/uploads\/tbf-video-interview-sven-wiede-768x768.jpg 768w, https:\/\/www.tbfsam.com\/wp-content\/uploads\/tbf-video-interview-sven-wiede-12x12.jpg 12w\" sizes=\"(max-width: 1000px) 100vw, 1000px\"><\/div>\n\t<\/div><\/figure>\n\n<\/div>\n<\/div><div class=\"bde-div-248-160 bde-div\">\n  \n  \n\t\n\n\n\n<div class=\"bde-image-248-161 bde-image\">\n<figure class=\"breakdance-image breakdance-image--1130\">\n\t<div class=\"breakdance-image-container\">\n\t\t<div class=\"breakdance-image-clip\"><img decoding=\"async\" class=\"breakdance-image-object\" src=\"https:\/\/www.tbfsam.com\/wp-content\/uploads\/tbf-singen-youtube-icons.png\" width=\"256\" height=\"256\" srcset=\"https:\/\/www.tbfsam.com\/wp-content\/uploads\/tbf-singen-youtube-icons.png 256w, https:\/\/www.tbfsam.com\/wp-content\/uploads\/tbf-singen-youtube-icons-150x150.png 150w\" sizes=\"(max-width: 256px) 100vw, 256px\"><\/div>\n\t<\/div><\/figure>\n\n<\/div><div class=\"bde-div-248-162 bde-div\" data-parallax=\"true\">\n  \n  \n\t\n\n\n\n\n<\/div>\n<\/div><div class=\"bde-div-248-163 bde-div\">\n  \n  \n\t\n\n\n\n<div class=\"bde-image-248-164 bde-image\">\n<figure class=\"breakdance-image breakdance-image--1132\">\n\t<div class=\"breakdance-image-container\">\n\t\t<div class=\"breakdance-image-clip\"><img decoding=\"async\" class=\"breakdance-image-object\" src=\"https:\/\/www.tbfsam.com\/wp-content\/uploads\/tbf-singen-youtube-icon-uebersicht.png\" width=\"250\" height=\"250\" srcset=\"https:\/\/www.tbfsam.com\/wp-content\/uploads\/tbf-singen-youtube-icon-uebersicht.png 250w, https:\/\/www.tbfsam.com\/wp-content\/uploads\/tbf-singen-youtube-icon-uebersicht-150x150.png 150w\" sizes=\"(max-width: 250px) 100vw, 250px\"><\/div>\n\t<\/div><\/figure>\n\n<\/div><div class=\"bde-div-248-165 bde-div\" data-parallax=\"true\">\n  \n  \n\t\n\n\n\n\n<\/div>\n<\/div>\n<\/div><\/div>\n<\/section><section class=\"bde-section-248-177 bde-section\">\n  \n  \n\t\n\n\n\n<div class=\"section-container\"><img decoding=\"async\" class=\"bde-image2-248-178 bde-image2\" src=\"https:\/\/www.tbfsam.com\/wp-content\/uploads\/tbf-grauer-hintergrund.png\" alt=\"Das Bild zeigt hellgrauen Hintergrund, oben angeschr\u00e4gt\" loading=\"lazy\" srcset=\"https:\/\/www.tbfsam.com\/wp-content\/uploads\/tbf-grauer-hintergrund.png 3440w, https:\/\/www.tbfsam.com\/wp-content\/uploads\/tbf-grauer-hintergrund-300x126.png 300w, https:\/\/www.tbfsam.com\/wp-content\/uploads\/tbf-grauer-hintergrund-1024x429.png 1024w, https:\/\/www.tbfsam.com\/wp-content\/uploads\/tbf-grauer-hintergrund-150x63.png 150w, https:\/\/www.tbfsam.com\/wp-content\/uploads\/tbf-grauer-hintergrund-768x321.png 768w, https:\/\/www.tbfsam.com\/wp-content\/uploads\/tbf-grauer-hintergrund-1536x643.png 1536w, https:\/\/www.tbfsam.com\/wp-content\/uploads\/tbf-grauer-hintergrund-2048x857.png 2048w\" sizes=\"(max-width: 3440px) 100vw, 3440px\"><div class=\"bde-div-248-179 bde-div\">\n  \n  \n\t\n\n\n\n<div class=\"bde-wpgbfacet-248-181 bde-wpgbfacet\"><div class=\"wpgb-facet wpgb-loading wpgb-facet-4 wpgb-style-1\" data-facet=\"4\" data-grid=\"wpgb-content\"><\/div><\/div><div class=\"bde-post-loop-248-167 bde-post-loop phox-facets-target phox-facets-target-default wpgb-content\" data-entrance=\"slideUp\"><div class=\"bde-loop bde-loop-grid ee-posts ee-posts-grid\">    <article class=\"bde-loop-item ee-post\">\n        <div class=\"bde-div-1401-100-7278-1401-2 bde-div bde-div-1401-100\">\n  \n  \n\t\n\n\n\n<img decoding=\"async\" class=\"bde-image2-1401-104-7278-1401-2 bde-image2 bde-image2-1401-104\" src=\"https:\/\/www.tbfsam.com\/wp-content\/uploads\/tbf-peter-dreide-stehend-beitrag.jpg\" alt=\"Das Bild zeigt TBF CIO Peter Dreide in Portraitansicht in Bad Homburg\" loading=\"lazy\" srcset=\"https:\/\/www.tbfsam.com\/wp-content\/uploads\/tbf-peter-dreide-stehend-beitrag.jpg 1000w, https:\/\/www.tbfsam.com\/wp-content\/uploads\/tbf-peter-dreide-stehend-beitrag-300x300.jpg 300w, https:\/\/www.tbfsam.com\/wp-content\/uploads\/tbf-peter-dreide-stehend-beitrag-150x150.jpg 150w, https:\/\/www.tbfsam.com\/wp-content\/uploads\/tbf-peter-dreide-stehend-beitrag-768x768.jpg 768w, https:\/\/www.tbfsam.com\/wp-content\/uploads\/tbf-peter-dreide-stehend-beitrag-12x12.jpg 12w\" sizes=\"(max-width: 1000px) 100vw, 1000px\"><h1 class=\"bde-heading-1401-101-7278-1401-2 bde-heading bde-heading-1401-101\">\n\u201eDer Finanz-Gourmet\u201c-Podcast\n<\/h1><div class=\"bde-text-1401-106-7278-1401-2 bde-text bde-text-1401-106\">\n21. April 2026\n<\/div><div class=\"bde-text-1401-103-7278-1401-2 bde-text bde-text-1401-103\">\nPeter Dreide war in Kupferminen im Kongo, auf der weltgr\u00f6\u00dften Rohstoffkonferenz in den USA und im Gespr\u00e4ch mit dem CEO von Europas gr\u00f6\u00dftem Energieversorger. Sein Blick auf die Energiewende ist n\u00fcchtern und unbequem.  Jetzt Podcast anh\u00f6ren bei www.private-banking-magazin.de.\n<\/div><div class=\"bde-button-1401-110-7278-1401-2 bde-button bde-button-1401-110\">\n        \n    \n    \n    \n    \n            \n            <button type=\"button\" class=\"button-atom button-atom--custom bde-button__button\"  >\n    \n        <span class=\"button-atom__text\">zum Video<\/span>\n\n                            \n        \n            <\/button>\n    \n\n\n<\/div>\n<\/div>    <\/article>\n    <article class=\"bde-loop-item ee-post\">\n        <div class=\"bde-div-1401-100-7251-1401-1 bde-div bde-div-1401-100\">\n  \n  \n\t\n\n\n\n<img decoding=\"async\" class=\"bde-image2-1401-104-7251-1401-1 bde-image2 bde-image2-1401-104\" src=\"https:\/\/www.tbfsam.com\/wp-content\/uploads\/tbf-neues-logo.jpg\" alt=\"Das Bild zeigt unser neues Logo in wei\u00df auf einem dunkelblauem Hintergrund.\" loading=\"lazy\" srcset=\"https:\/\/www.tbfsam.com\/wp-content\/uploads\/tbf-neues-logo.jpg 1200w, https:\/\/www.tbfsam.com\/wp-content\/uploads\/tbf-neues-logo-300x300.jpg 300w, https:\/\/www.tbfsam.com\/wp-content\/uploads\/tbf-neues-logo-1024x1024.jpg 1024w, https:\/\/www.tbfsam.com\/wp-content\/uploads\/tbf-neues-logo-150x150.jpg 150w, https:\/\/www.tbfsam.com\/wp-content\/uploads\/tbf-neues-logo-768x768.jpg 768w, https:\/\/www.tbfsam.com\/wp-content\/uploads\/tbf-neues-logo-12x12.jpg 12w\" sizes=\"(max-width: 1200px) 100vw, 1200px\"><h1 class=\"bde-heading-1401-101-7251-1401-1 bde-heading bde-heading-1401-101\">\nNeues Logo \u2013 Gleiche Werte\n<\/h1><div class=\"bde-text-1401-106-7251-1401-1 bde-text bde-text-1401-106\">\n16. April 2026\n<\/div><div class=\"bde-text-1401-103-7251-1401-1 bde-text bde-text-1401-103\">\nEin neues Kapitel f\u00fcr TBF. Heute ist es soweit, unser neues Logo geht live \u2013 ein sichtbares Zeichen f\u00fcr unsere Weiterentwicklung als Unternehmen.\r\nModerne Finanzl\u00f6sungen, starke Teamarbeit und eine klare Ausrichtung auf die Zukunft.\r\nWie an der B\u00f6rse gilt auch f\u00fcr uns: Stillstand ist keine Option. Entwicklung bedeutet, sich anzupassen, zu wachsen und neue Wege zu beschreiten.\r\nWir freuen uns darauf, diesen n\u00e4chsten Schritt gemeinsam mit unseren Kunden, Partnern und unserem Team zu gehen.\n<\/div><div class=\"bde-button-1401-110-7251-1401-1 bde-button bde-button-1401-110\">\n        \n    \n    \n    \n    \n            \n            <button type=\"button\" class=\"button-atom button-atom--custom bde-button__button\"  >\n    \n        <span class=\"button-atom__text\">zum Video<\/span>\n\n                            \n        \n            <\/button>\n    \n\n\n<\/div>\n<\/div>    <\/article>\n    <article class=\"bde-loop-item ee-post\">\n        <div class=\"bde-div-1401-100-7186-1401-1 bde-div bde-div-1401-100\">\n  \n  \n\t\n\n\n\n<img decoding=\"async\" class=\"bde-image2-1401-104-7186-1401-1 bde-image2 bde-image2-1401-104\" src=\"https:\/\/www.tbfsam.com\/wp-content\/uploads\/tbf-daumen-hoch-beitrag.jpg\" alt=\"Das Bild zeigt einen Daumen der nach oben zeigt, bestehend aus den typischen TBF Polygonen und Punkten. Die Farben sind in verschiedenen Blaut\u00f6nen gehalten.\" loading=\"lazy\" srcset=\"https:\/\/www.tbfsam.com\/wp-content\/uploads\/tbf-daumen-hoch-beitrag.jpg 1000w, https:\/\/www.tbfsam.com\/wp-content\/uploads\/tbf-daumen-hoch-beitrag-300x300.jpg 300w, https:\/\/www.tbfsam.com\/wp-content\/uploads\/tbf-daumen-hoch-beitrag-150x150.jpg 150w, https:\/\/www.tbfsam.com\/wp-content\/uploads\/tbf-daumen-hoch-beitrag-768x768.jpg 768w, https:\/\/www.tbfsam.com\/wp-content\/uploads\/tbf-daumen-hoch-beitrag-12x12.jpg 12w\" sizes=\"(max-width: 1000px) 100vw, 1000px\"><h1 class=\"bde-heading-1401-101-7186-1401-1 bde-heading bde-heading-1401-101\">\nLSEG Lipper Fund Awards f\u00fcr TBF\n<\/h1><div class=\"bde-text-1401-106-7186-1401-1 bde-text bde-text-1401-106\">\n10. April 2026\n<\/div><div class=\"bde-text-1401-103-7186-1401-1 bde-text bde-text-1401-103\">\nAuch dieses Jahr sind drei unserer Fonds ausgezeichnet worden. Wir freuen uns sehr dar\u00fcber! TBF SMART POWER EUR R, TBF ATTILA GLOBAL OPPORTUNITY EUR I und TBF US CORPORATE BONDS USD I.\n<\/div><div class=\"bde-button-1401-110-7186-1401-1 bde-button bde-button-1401-110\">\n        \n    \n    \n    \n    \n            \n            <button type=\"button\" class=\"button-atom button-atom--custom bde-button__button\"  >\n    \n        <span class=\"button-atom__text\">zum Video<\/span>\n\n                            \n        \n            <\/button>\n    \n\n\n<\/div>\n<\/div>    <\/article>\n    <article class=\"bde-loop-item ee-post\">\n        <div class=\"bde-div-1401-100-7113-1401-1 bde-div bde-div-1401-100\">\n  \n  \n\t\n\n\n\n<img decoding=\"async\" class=\"bde-image2-1401-104-7113-1401-1 bde-image2 bde-image2-1401-104\" src=\"https:\/\/www.tbfsam.com\/wp-content\/uploads\/tbf-fixed-income-beitrag.jpg\" alt=\"Das Bild zeigt eine Nahaufnahme eines Tresors mit Zahlenschloss. Titelbild des TBF FIXED INCOME\" loading=\"lazy\" srcset=\"https:\/\/www.tbfsam.com\/wp-content\/uploads\/tbf-fixed-income-beitrag.jpg 1000w, https:\/\/www.tbfsam.com\/wp-content\/uploads\/tbf-fixed-income-beitrag-300x300.jpg 300w, https:\/\/www.tbfsam.com\/wp-content\/uploads\/tbf-fixed-income-beitrag-150x150.jpg 150w, https:\/\/www.tbfsam.com\/wp-content\/uploads\/tbf-fixed-income-beitrag-768x768.jpg 768w, https:\/\/www.tbfsam.com\/wp-content\/uploads\/tbf-fixed-income-beitrag-12x12.jpg 12w\" sizes=\"(max-width: 1000px) 100vw, 1000px\"><h1 class=\"bde-heading-1401-101-7113-1401-1 bde-heading bde-heading-1401-101\">\nTBF FIXED INCOME &#8211; Update\n<\/h1><div class=\"bde-text-1401-106-7113-1401-1 bde-text bde-text-1401-106\">\n17. M\u00e4rz 2026\n<\/div><div class=\"bde-text-1401-103-7113-1401-1 bde-text bde-text-1401-103\">\nAktuelle Informationen zum Fonds von unserem Portfoliomanagement.\n<\/div><div class=\"bde-button-1401-110-7113-1401-1 bde-button bde-button-1401-110\">\n        \n    \n    \n    \n    \n            \n            <button type=\"button\" class=\"button-atom button-atom--custom bde-button__button\"  >\n    \n        <span class=\"button-atom__text\">zum Video<\/span>\n\n                            \n        \n            <\/button>\n    \n\n\n<\/div>\n<\/div>    <\/article>\n    <article class=\"bde-loop-item ee-post\">\n        <div class=\"bde-div-1401-100-7111-1401-1 bde-div bde-div-1401-100\">\n  \n  \n\t\n\n\n\n<img decoding=\"async\" class=\"bde-image2-1401-104-7111-1401-1 bde-image2 bde-image2-1401-104\" src=\"https:\/\/www.tbfsam.com\/wp-content\/uploads\/tbf-global-income-beitrag.jpg\" alt=\"Das Bild zeigt eine aufgeklappte Taschenuhr auf einen Blatt mit vielen Zahlen, alles in schwarz-wei\u00df. Titelbild Des TBF GLOBAL INCOME\" loading=\"lazy\" srcset=\"https:\/\/www.tbfsam.com\/wp-content\/uploads\/tbf-global-income-beitrag.jpg 1000w, https:\/\/www.tbfsam.com\/wp-content\/uploads\/tbf-global-income-beitrag-300x300.jpg 300w, https:\/\/www.tbfsam.com\/wp-content\/uploads\/tbf-global-income-beitrag-150x150.jpg 150w, https:\/\/www.tbfsam.com\/wp-content\/uploads\/tbf-global-income-beitrag-768x768.jpg 768w, https:\/\/www.tbfsam.com\/wp-content\/uploads\/tbf-global-income-beitrag-12x12.jpg 12w\" sizes=\"(max-width: 1000px) 100vw, 1000px\"><h1 class=\"bde-heading-1401-101-7111-1401-1 bde-heading bde-heading-1401-101\">\nTBF GLOBAL INCOME &#8211; Update\n<\/h1><div class=\"bde-text-1401-106-7111-1401-1 bde-text bde-text-1401-106\">\n17. M\u00e4rz 2026\n<\/div><div class=\"bde-text-1401-103-7111-1401-1 bde-text bde-text-1401-103\">\nAktuelle Informationen zum Fonds von unserem Portfoliomanagement.\n<\/div><div class=\"bde-button-1401-110-7111-1401-1 bde-button bde-button-1401-110\">\n        \n    \n    \n    \n    \n            \n            <button type=\"button\" class=\"button-atom button-atom--custom bde-button__button\"  >\n    \n        <span class=\"button-atom__text\">zum Video<\/span>\n\n                            \n        \n            <\/button>\n    \n\n\n<\/div>\n<\/div>    <\/article>\n    <article class=\"bde-loop-item ee-post\">\n        <div class=\"bde-div-1401-100-7095-1401-1 bde-div bde-div-1401-100\">\n  \n  \n\t\n\n\n\n<img decoding=\"async\" class=\"bde-image2-1401-104-7095-1401-1 bde-image2 bde-image2-1401-104\" src=\"https:\/\/www.tbfsam.com\/wp-content\/uploads\/tbf-fixed-income-beitrag.jpg\" alt=\"Das Bild zeigt eine Nahaufnahme eines Tresors mit Zahlenschloss. Titelbild des TBF FIXED INCOME\" loading=\"lazy\" srcset=\"https:\/\/www.tbfsam.com\/wp-content\/uploads\/tbf-fixed-income-beitrag.jpg 1000w, https:\/\/www.tbfsam.com\/wp-content\/uploads\/tbf-fixed-income-beitrag-300x300.jpg 300w, https:\/\/www.tbfsam.com\/wp-content\/uploads\/tbf-fixed-income-beitrag-150x150.jpg 150w, https:\/\/www.tbfsam.com\/wp-content\/uploads\/tbf-fixed-income-beitrag-768x768.jpg 768w, https:\/\/www.tbfsam.com\/wp-content\/uploads\/tbf-fixed-income-beitrag-12x12.jpg 12w\" sizes=\"(max-width: 1000px) 100vw, 1000px\"><h1 class=\"bde-heading-1401-101-7095-1401-1 bde-heading bde-heading-1401-101\">\nTBF FIXED INCOME \u2013 Verbraucherschutzforum Berlin\n<\/h1><div class=\"bde-text-1401-106-7095-1401-1 bde-text bde-text-1401-106\">\n11. M\u00e4rz 2026\n<\/div><div class=\"bde-text-1401-103-7095-1401-1 bde-text bde-text-1401-103\">\nAus Anlegersicht pr\u00e4sentiert sich der TBF FIXED INCOME im Gesch\u00e4ftsjahr 2024\/25 als ein aktiv gemanagter, global diversifizierter Rentenfonds mit klarem Fokus auf laufende Ertr\u00e4ge, Staats- und staatsnahe Anleihen sowie Investment-Grade-Qualit\u00e4t. Gesamten Artikel auf Verbraucherschutzforum.berlin lesen.\n<\/div><div class=\"bde-button-1401-110-7095-1401-1 bde-button bde-button-1401-110\">\n        \n    \n    \n    \n    \n            \n            <button type=\"button\" class=\"button-atom button-atom--custom bde-button__button\"  >\n    \n        <span class=\"button-atom__text\">zum Video<\/span>\n\n                            \n        \n            <\/button>\n    \n\n\n<\/div>\n<\/div>    <\/article>\n    <article class=\"bde-loop-item ee-post\">\n        <div class=\"bde-div-1401-100-7028-1401-1 bde-div bde-div-1401-100\">\n  \n  \n\t\n\n\n\n<img decoding=\"async\" class=\"bde-image2-1401-104-7028-1401-1 bde-image2 bde-image2-1401-104\" src=\"https:\/\/www.tbfsam.com\/wp-content\/uploads\/tbf-sven-wiede-portrait.jpg\" alt=\"Das Bild zeigt TBF Vertriebsdirektor Sven Wiede in Portraitaufnahme\" loading=\"lazy\" srcset=\"https:\/\/www.tbfsam.com\/wp-content\/uploads\/tbf-sven-wiede-portrait.jpg 500w, https:\/\/www.tbfsam.com\/wp-content\/uploads\/tbf-sven-wiede-portrait-300x300.jpg 300w, https:\/\/www.tbfsam.com\/wp-content\/uploads\/tbf-sven-wiede-portrait-150x150.jpg 150w\" sizes=\"(max-width: 500px) 100vw, 500px\"><h1 class=\"bde-heading-1401-101-7028-1401-1 bde-heading bde-heading-1401-101\">\nFINANCIAL PLANNING Forum\n<\/h1><div class=\"bde-text-1401-106-7028-1401-1 bde-text bde-text-1401-106\">\n10. M\u00e4rz 2026\n<\/div><div class=\"bde-text-1401-103-7028-1401-1 bde-text bde-text-1401-103\">\nSven Wiede freut sich auf den Austausch an zwei spannenden Tagen.\n<\/div><div class=\"bde-button-1401-110-7028-1401-1 bde-button bde-button-1401-110\">\n        \n    \n    \n    \n    \n            \n            <button type=\"button\" class=\"button-atom button-atom--custom bde-button__button\"  >\n    \n        <span class=\"button-atom__text\">zum Video<\/span>\n\n                            \n        \n            <\/button>\n    \n\n\n<\/div>\n<\/div>    <\/article>\n    <article class=\"bde-loop-item ee-post\">\n        <div class=\"bde-div-1401-100-7008-1401-1 bde-div bde-div-1401-100\">\n  \n  \n\t\n\n\n\n<img decoding=\"async\" class=\"bde-image2-1401-104-7008-1401-1 bde-image2 bde-image2-1401-104\" src=\"https:\/\/www.tbfsam.com\/wp-content\/uploads\/tbf-oesterreichischer-fondspreis-2026-beitrag.jpg\" alt=\"Das Bild zeigt den \u00d6sterreichischen Fondspreis 2026 f\u00fcr den TBF SPECIAL INCOME CHF R\" loading=\"lazy\" srcset=\"https:\/\/www.tbfsam.com\/wp-content\/uploads\/tbf-oesterreichischer-fondspreis-2026-beitrag.jpg 1200w, https:\/\/www.tbfsam.com\/wp-content\/uploads\/tbf-oesterreichischer-fondspreis-2026-beitrag-300x300.jpg 300w, https:\/\/www.tbfsam.com\/wp-content\/uploads\/tbf-oesterreichischer-fondspreis-2026-beitrag-1024x1024.jpg 1024w, https:\/\/www.tbfsam.com\/wp-content\/uploads\/tbf-oesterreichischer-fondspreis-2026-beitrag-150x150.jpg 150w, https:\/\/www.tbfsam.com\/wp-content\/uploads\/tbf-oesterreichischer-fondspreis-2026-beitrag-768x768.jpg 768w, https:\/\/www.tbfsam.com\/wp-content\/uploads\/tbf-oesterreichischer-fondspreis-2026-beitrag-12x12.jpg 12w\" sizes=\"(max-width: 1200px) 100vw, 1200px\"><h1 class=\"bde-heading-1401-101-7008-1401-1 bde-heading bde-heading-1401-101\">\nTBF SPECIAL INCOME erh\u00e4lt Fondspreis 2026\n<\/h1><div class=\"bde-text-1401-106-7008-1401-1 bde-text bde-text-1401-106\">\n10. M\u00e4rz 2026\n<\/div><div class=\"bde-text-1401-103-7008-1401-1 bde-text bde-text-1401-103\">\n\u00d6sterreichischer Fondspreis zeichnet TBF SPECIAL INCOME CHF R mit HERAUSRAGEND aus. Wir sind begeistert, dass unser flexibles Multi-Asset-Konzept den \u00f6sterreichischen Fondspreis in der Kategorie Mischfonds global flexibel erhalten hat!\r\n\n<\/div><div class=\"bde-button-1401-110-7008-1401-1 bde-button bde-button-1401-110\">\n        \n    \n    \n    \n    \n            \n            <button type=\"button\" class=\"button-atom button-atom--custom bde-button__button\"  >\n    \n        <span class=\"button-atom__text\">zum Video<\/span>\n\n                            \n        \n            <\/button>\n    \n\n\n<\/div>\n<\/div>    <\/article>\n    <article class=\"bde-loop-item ee-post\">\n        <div class=\"bde-div-1401-100-6826-1401-1 bde-div bde-div-1401-100\">\n  \n  \n\t\n\n\n\n<img decoding=\"async\" class=\"bde-image2-1401-104-6826-1401-1 bde-image2 bde-image2-1401-104\" src=\"https:\/\/www.tbfsam.com\/wp-content\/uploads\/tbf-sterne-haende-beitrag.jpg\" alt=\"Das Bild zeigt 5 Sterne und zwei H\u00e4nde darunter, der Bildstil ist im Polygon Stil\" loading=\"lazy\" srcset=\"https:\/\/www.tbfsam.com\/wp-content\/uploads\/tbf-sterne-haende-beitrag.jpg 1000w, https:\/\/www.tbfsam.com\/wp-content\/uploads\/tbf-sterne-haende-beitrag-300x300.jpg 300w, https:\/\/www.tbfsam.com\/wp-content\/uploads\/tbf-sterne-haende-beitrag-150x150.jpg 150w, https:\/\/www.tbfsam.com\/wp-content\/uploads\/tbf-sterne-haende-beitrag-768x768.jpg 768w, https:\/\/www.tbfsam.com\/wp-content\/uploads\/tbf-sterne-haende-beitrag-12x12.jpg 12w\" sizes=\"(max-width: 1000px) 100vw, 1000px\"><h1 class=\"bde-heading-1401-101-6826-1401-1 bde-heading bde-heading-1401-101\">\nCapital: Das sind die besten Fondsgesellschaften 2026\n<\/h1><div class=\"bde-text-1401-106-6826-1401-1 bde-text bde-text-1401-106\">\n26. Februar 2026\n<\/div><div class=\"bde-text-1401-103-6826-1401-1 bde-text bde-text-1401-103\">\nCapital Fonds-Kompass: Vier Sterne f\u00fcr TBF in der Sparte \u201eSpezialisten\u201c\r\n\n<\/div><div class=\"bde-button-1401-110-6826-1401-1 bde-button bde-button-1401-110\">\n        \n    \n    \n    \n    \n            \n            <button type=\"button\" class=\"button-atom button-atom--custom bde-button__button\"  >\n    \n        <span class=\"button-atom__text\">zum Video<\/span>\n\n                            \n        \n            <\/button>\n    \n\n\n<\/div>\n<\/div>    <\/article>\n<\/div>\r\n<\/div><div class=\"bde-wpgbfacet-248-182 bde-wpgbfacet\"><div class=\"wpgb-facet wpgb-loading wpgb-facet-3 wpgb-style-1\" data-facet=\"3\" data-grid=\"wpgb-content\"><\/div><\/div>\n<\/div><\/div>\n<\/section>","protected":false},"excerpt":{"rendered":"<p>WISSEN,DASBEWEGT \u201eDer Finanz-Gourmet\u201c-Podcast 21. April 2026 Peter Dreide war in Kupferminen im Kongo, auf der weltgr\u00f6\u00dften Rohstoffkonferenz in den USA und im Gespr\u00e4ch mit dem CEO von Europas gr\u00f6\u00dftem Energieversorger. Sein Blick auf die Energiewende ist n\u00fcchtern und unbequem. Jetzt Podcast anh\u00f6ren bei www.private-banking-magazin.de. zum Video \u201eDer Finanz-Gourmet\u201c-Podcast 21. April 2026 Peter Dreide war in [&hellip;]<\/p>\n","protected":false},"author":1,"featured_media":0,"parent":218,"menu_order":0,"comment_status":"closed","ping_status":"closed","template":"","meta":{"_acf_changed":false,"_breakdance_hide_in_design_set":false,"_breakdance_tags":"","footnotes":""},"class_list":["post-248","page","type-page","status-publish","hentry"],"acf":[],"publishpress_future_action":{"enabled":false,"date":"2026-05-15 14:07:09","action":"change-status","newStatus":"draft","terms":[],"taxonomy":"","extraData":[]},"publishpress_future_workflow_manual_trigger":{"enabledWorkflows":[]},"_links":{"self":[{"href":"https:\/\/www.tbfsam.com\/de\/wp-json\/wp\/v2\/pages\/248","targetHints":{"allow":["GET"]}}],"collection":[{"href":"https:\/\/www.tbfsam.com\/de\/wp-json\/wp\/v2\/pages"}],"about":[{"href":"https:\/\/www.tbfsam.com\/de\/wp-json\/wp\/v2\/types\/page"}],"author":[{"embeddable":true,"href":"https:\/\/www.tbfsam.com\/de\/wp-json\/wp\/v2\/users\/1"}],"replies":[{"embeddable":true,"href":"https:\/\/www.tbfsam.com\/de\/wp-json\/wp\/v2\/comments?post=248"}],"version-history":[{"count":5,"href":"https:\/\/www.tbfsam.com\/de\/wp-json\/wp\/v2\/pages\/248\/revisions"}],"predecessor-version":[{"id":6362,"href":"https:\/\/www.tbfsam.com\/de\/wp-json\/wp\/v2\/pages\/248\/revisions\/6362"}],"up":[{"embeddable":true,"href":"https:\/\/www.tbfsam.com\/de\/wp-json\/wp\/v2\/pages\/218"}],"wp:attachment":[{"href":"https:\/\/www.tbfsam.com\/de\/wp-json\/wp\/v2\/media?parent=248"}],"curies":[{"name":"wp","href":"https:\/\/api.w.org\/{rel}","templated":true}]}}