{"id":226,"date":"2024-08-23T11:20:03","date_gmt":"2024-08-23T09:20:03","guid":{"rendered":"http:\/\/wordpress.p671235.webspaceconfig.de\/?page_id=226"},"modified":"2026-03-06T08:38:44","modified_gmt":"2026-03-06T07:38:44","slug":"unternehmen","status":"publish","type":"page","link":"https:\/\/www.tbfsam.com\/en\/das-ist-tbf\/unternehmen\/","title":{"rendered":"company"},"content":{"rendered":"<section class=\"bde-section-226-396 bde-section\">\n  \n  \n\t\n\n\n\n<div class=\"section-container\"><\/div>\n<\/section><section class=\"bde-section-226-397 bde-section\" data-entrance=\"fade\">\n              \n  \n  \n\t\n\n  <div class=\"section-background-overlay\"><\/div>\n\n\n<div class=\"section-container\"><div class=\"bde-div-226-398 bde-div\">\n  \n  \n\t\n\n\n\n<h1 class=\"bde-heading-226-399 bde-heading\">\nThat <br>Is <br>TBF\n<\/h1>\n<\/div><div class=\"de-scroll-button-226-400 de-scroll-button\" role=\"button\" aria-label=\"Scroll Button\">\n  <div class=\"de-icon mouse\">      \n        \t<div class=\"scroll\"><\/div>\n  \t  <\/div>\n\n\n<\/div><\/div>\n<\/section><section class=\"bde-section-226-132 bde-section\" data-entrance=\"fade\">\n  \n  \n\t\n\n\n\n<div class=\"section-container\"><div class=\"bde-div-226-133 bde-div\">\n  \n  \n\t\n\n\n\n<h1 class=\"bde-heading-226-134 bde-heading\">\nACTIVE MANAGEMENT - WITHOUT IFS AND BUTS\n<\/h1><h1 class=\"bde-heading-226-135 bde-heading\">\nYour independent partner for long-term success\n<\/h1><div class=\"bde-text-226-136 bde-text\">\nSince its incorporation by Peter Dreide in 2000, TBF has operated as a privately owned and independent company. This independence gives TBF the ability to implement its own values and investment strategies exclusively for the benefit of investors. TBF pursues the goal of continuous further development and thus always being one step ahead of the increasing demands of the market.<br><br>TBF stands for active asset management with the aim of generating long-term added value for its investors and understands itself as a supplier to the financial industry.<br><br>We invest in equities and bonds, focusing on global products, energy infrastructure, value stocks, event-driven approaches and modern bond strategies. \n<\/div>\n<\/div><div class=\"bde-div-226-137 bde-div\">\n  \n  \n\t\n\n\n\n<h1 class=\"bde-heading-226-141 bde-heading\" data-entrance=\"flipRight\">\nThe\n<\/h1><h1 class=\"bde-heading-226-142 bde-heading\" data-entrance=\"flipRight\">\nBright\n<\/h1><h1 class=\"bde-heading-226-143 bde-heading\" data-entrance=\"flipRight\">\nFuture\n<\/h1>\n<\/div><\/div>\n<\/section><section class=\"bde-section-226-315 bde-section\" data-parallax=\"true\">\n  \n  \n\t\n\n\n\n<div class=\"section-container\"><div class=\"bde-div-226-324 bde-div\">\n  \n  \n\t\n\n\n\n<div class=\"bde-div-226-325 bde-div\">\n  \n  \n\t\n\n\n\n<div class=\"bde-simple-counter-226-326 bde-simple-counter\">\n<div class=\"bde-simple-counter__wrapper\">\n  <p class=\"bde-simple-counter__number bde-h6\">\n    <span class=\"bde-simple-counter__prefix\"><\/span>\n    <span class=\"bde-simple-counter__digit js-digit\"><\/span>\n    <span class=\"bde-simple-counter__suffix\"><\/span>\n  <\/p>\n    \t<div class=\"bde-simple-counter__title\" >offices in Germany<\/div>\n  <\/div>\n\n<\/div>\n<\/div><div class=\"bde-div-226-327 bde-div\">\n  \n  \n\t\n\n\n\n<div class=\"bde-simple-counter-226-328 bde-simple-counter\">\n<div class=\"bde-simple-counter__wrapper\">\n  <p class=\"bde-simple-counter__number bde-h6\">\n    <span class=\"bde-simple-counter__prefix\"><\/span>\n    <span class=\"bde-simple-counter__digit js-digit\"><\/span>\n    <span class=\"bde-simple-counter__suffix\"><\/span>\n  <\/p>\n    \t<div class=\"bde-simple-counter__title\" >years of experience in PM (on average)<\/div>\n  <\/div>\n\n<\/div>\n<\/div><div class=\"bde-div-226-329 bde-div\">\n  \n  \n\t\n\n\n\n<div class=\"bde-simple-counter-226-330 bde-simple-counter\">\n<div class=\"bde-simple-counter__wrapper\">\n  <p class=\"bde-simple-counter__number bde-h6\">\n    <span class=\"bde-simple-counter__prefix\"><\/span>\n    <span class=\"bde-simple-counter__digit js-digit\"><\/span>\n    <span class=\"bde-simple-counter__suffix\"><\/span>\n  <\/p>\n    \t<div class=\"bde-simple-counter__title\" >bn EUR assets under management<\/div>\n  <\/div>\n\n<\/div>\n<\/div><div class=\"bde-div-226-331 bde-div\">\n  \n  \n\t\n\n\n\n<div class=\"bde-simple-counter-226-332 bde-simple-counter\">\n<div class=\"bde-simple-counter__wrapper\">\n  <p class=\"bde-simple-counter__number bde-h6\">\n    <span class=\"bde-simple-counter__prefix\"><\/span>\n    <span class=\"bde-simple-counter__digit js-digit\"><\/span>\n    <span class=\"bde-simple-counter__suffix\"><\/span>\n  <\/p>\n    \t<div class=\"bde-simple-counter__title\" >awards since <br>the incorporation<\/div>\n  <\/div>\n\n<\/div>\n<\/div>\n<\/div><\/div>\n<\/section><section class=\"bde-section-226-416 bde-section\">\n  \n  \n\t\n\n\n\n<div class=\"section-container\"><div class=\"bde-text-226-421 bde-text\">\nAuszeichnungen per 01.04.2025\n<\/div><img decoding=\"async\" class=\"bde-image2-226-417 bde-image2\" src=\"https:\/\/www.tbfsam.com\/wp-content\/uploads\/tbf-grauer-hintergrund.png\" alt=\"Das Bild zeigt hellgrauen Hintergrund, oben angeschr\u00e4gt\" loading=\"lazy\" srcset=\"https:\/\/www.tbfsam.com\/wp-content\/uploads\/tbf-grauer-hintergrund.png 3440w, https:\/\/www.tbfsam.com\/wp-content\/uploads\/tbf-grauer-hintergrund-300x126.png 300w, https:\/\/www.tbfsam.com\/wp-content\/uploads\/tbf-grauer-hintergrund-1024x429.png 1024w, https:\/\/www.tbfsam.com\/wp-content\/uploads\/tbf-grauer-hintergrund-150x63.png 150w, https:\/\/www.tbfsam.com\/wp-content\/uploads\/tbf-grauer-hintergrund-768x321.png 768w, https:\/\/www.tbfsam.com\/wp-content\/uploads\/tbf-grauer-hintergrund-1536x643.png 1536w, https:\/\/www.tbfsam.com\/wp-content\/uploads\/tbf-grauer-hintergrund-2048x857.png 2048w\" sizes=\"(max-width: 3440px) 100vw, 3440px\"><div class=\"bde-div-226-418 bde-div\">\n  \n  \n\t\n\n\n\n<div class=\"bde-div-226-334 bde-div\">\n  \n  \n\t\n\n\n\n<h1 class=\"bde-heading-226-310 bde-heading\">\nlong-term experience\n<\/h1><h1 class=\"bde-heading-226-313 bde-heading\">\nAktien- und Anleiheinvestments seit 25 Jahren, made in Germany\n<\/h1>\n<\/div><div class=\"bde-div-226-335 bde-div\">\n  \n  \n\t\n\n\n\n<div class=\"bde-text-226-314 bde-text\">\nTBF is a valuable partner in asset management with a professional set-up in all company units and experienced and motivated employees. Many years of industry experience in portfolio management combined with a solid employee structure characterize our team.\n<\/div><div class=\"bde-div-226-248 bde-div\">\n  \n  \n\t\n\n\n\n<div class=\"bde-div-226-250 bde-div\" data-parallax=\"true\">\n              \n  \n  \n\t\n\n  <div class=\"section-background-overlay\"><\/div>\n\n\n<h1 class=\"bde-heading-226-130 bde-heading\">\nPortfolio management, research &amp; trading\n<\/h1><div class=\"bde-text-226-131 bde-text\">\n 11 employees, average 23 years of professional experience\n<\/div>\n<\/div><div class=\"bde-div-226-341 bde-div\" data-parallax=\"true\">\n              \n  \n  \n\t\n\n  <div class=\"section-background-overlay\"><\/div>\n\n\n<h1 class=\"bde-heading-226-342 bde-heading\">\nMarketing, sales &amp; public relations\n<\/h1><div class=\"bde-text-226-343 bde-text\">\n 5 employees, average 20 years of professional experience\n<\/div>\n<\/div><div class=\"bde-div-226-344 bde-div\" data-parallax=\"true\">\n              \n  \n  \n\t\n\n  <div class=\"section-background-overlay\"><\/div>\n\n\n<h1 class=\"bde-heading-226-345 bde-heading\">\nOperations, Finance &amp; Risk Management\n<\/h1><div class=\"bde-text-226-346 bde-text\">\n 6 employees, average 20 years of professional experience\n<\/div>\n<\/div>\n<\/div>\n<\/div>\n<\/div><\/div>\n<\/section><section class=\"bde-section-226-412 bde-section\">\n              \n  \n  \n\t\n\n  <div class=\"section-background-overlay\"><\/div>\n\n\n<div class=\"section-container\"><div class=\"bde-div-226-413 bde-div\">\n  \n  \n\t\n\n\n\n<h1 class=\"bde-heading-226-414 bde-heading\">\ninvestment process\n<\/h1><div class=\"bde-button-226-415 bde-button\">\n    \n                        \n                        \n    \n    \n    \n    \n            \n                    \n            \n            \n\n    \n    \n    \n    \n    \n    <a class=\"breakdance-link button-atom button-atom--custom bde-button__button\" href=\"https:\/\/www.tbfsam.com\/en\/das-ist-tbf\/investmentprozess\/\" target=\"_self\" data-type=\"url\"  >\n\n    \n        <span class=\"button-atom__text\">Discover now<\/span>\n\n                            \n        \n                <\/a>\n\n    \n\n\n<\/div>\n<\/div><\/div>\n<\/section><section class=\"bde-section-226-376 bde-section\">\n  \n  \n\t\n\n\n\n<div class=\"section-container\"><div class=\"bde-div-226-377 bde-div\">\n  \n  \n\t\n\n\n\n<div class=\"bde-div-226-378 bde-div\">\n  \n  \n\t\n\n\n\n<div class=\"bde-image-226-381 bde-image\">\n<figure class=\"breakdance-image breakdance-image--1958\">\n\t<div class=\"breakdance-image-container\">\n\t\t<div class=\"breakdance-image-clip\"><img decoding=\"async\" class=\"breakdance-image-object\" src=\"https:\/\/www.tbfsam.com\/wp-content\/uploads\/tbf-unternehmen-icons-zahnrad-4.jpg\" width=\"512\" height=\"512\" srcset=\"https:\/\/www.tbfsam.com\/wp-content\/uploads\/tbf-unternehmen-icons-zahnrad-4.jpg 512w, https:\/\/www.tbfsam.com\/wp-content\/uploads\/tbf-unternehmen-icons-zahnrad-4-300x300.jpg 300w, https:\/\/www.tbfsam.com\/wp-content\/uploads\/tbf-unternehmen-icons-zahnrad-4-150x150.jpg 150w\" sizes=\"(max-width: 512px) 100vw, 512px\"><\/div>\n\t<\/div><\/figure>\n\n<\/div><div class=\"bde-div-226-362 bde-div\">\n  \n  \n\t\n\n\n\n<h1 class=\"bde-heading-226-364 bde-heading\">\n Transparent and <br>unique <br>investment process \n<\/h1><div class=\"bde-text-226-365 bde-text\">\nInvestment ideas are developed and reviewed during field trips and on-site company meetings. In the following investment process, the in-house database for company analysis and the long-standing risk model represent the cornerstones of all strategies. TBF commit itself to an emotionless guideline with no room for interpretation.\n<\/div>\n<\/div>\n<\/div>\n<\/div><div class=\"bde-div-226-389 bde-div\">\n  \n  \n\t\n\n\n\n<div class=\"bde-div-226-390 bde-div\">\n  \n  \n\t\n\n\n\n<div class=\"bde-image-226-391 bde-image\">\n<figure class=\"breakdance-image breakdance-image--1957\">\n\t<div class=\"breakdance-image-container\">\n\t\t<div class=\"breakdance-image-clip\"><img decoding=\"async\" class=\"breakdance-image-object\" src=\"https:\/\/www.tbfsam.com\/wp-content\/uploads\/tbf-unternehmen-icons-team-4.jpg\" width=\"512\" height=\"512\" srcset=\"https:\/\/www.tbfsam.com\/wp-content\/uploads\/tbf-unternehmen-icons-team-4.jpg 512w, https:\/\/www.tbfsam.com\/wp-content\/uploads\/tbf-unternehmen-icons-team-4-300x300.jpg 300w, https:\/\/www.tbfsam.com\/wp-content\/uploads\/tbf-unternehmen-icons-team-4-150x150.jpg 150w\" sizes=\"(max-width: 512px) 100vw, 512px\"><\/div>\n\t<\/div><\/figure>\n\n<\/div><div class=\"bde-div-226-392 bde-div\">\n  \n  \n\t\n\n\n\n<h1 class=\"bde-heading-226-393 bde-heading\">\n Our <br>added value <br>for you \n<\/h1><div class=\"bde-text-226-394 bde-text\">\nTBF is committed to open and qualitative communication to ensure maximum transparency towards our investors. TBF has a strong financial and independent situation and therefore offers the necessary stability for a long-term and successful cooperation.\n<\/div>\n<\/div>\n<\/div>\n<\/div><div class=\"bde-div-226-383 bde-div\">\n  \n  \n\t\n\n\n\n<div class=\"bde-div-226-384 bde-div\">\n  \n  \n\t\n\n\n\n<div class=\"bde-image-226-385 bde-image\">\n<figure class=\"breakdance-image breakdance-image--1953\">\n\t<div class=\"breakdance-image-container\">\n\t\t<div class=\"breakdance-image-clip\"><img decoding=\"async\" class=\"breakdance-image-object\" src=\"https:\/\/www.tbfsam.com\/wp-content\/uploads\/tbf-unternehmen-icons-birne-4.jpg\" width=\"512\" height=\"512\" srcset=\"https:\/\/www.tbfsam.com\/wp-content\/uploads\/tbf-unternehmen-icons-birne-4.jpg 512w, https:\/\/www.tbfsam.com\/wp-content\/uploads\/tbf-unternehmen-icons-birne-4-300x300.jpg 300w, https:\/\/www.tbfsam.com\/wp-content\/uploads\/tbf-unternehmen-icons-birne-4-150x150.jpg 150w\" sizes=\"(max-width: 512px) 100vw, 512px\"><\/div>\n\t<\/div><\/figure>\n\n<\/div><div class=\"bde-div-226-386 bde-div\">\n  \n  \n\t\n\n\n\n<h1 class=\"bde-heading-226-387 bde-heading\">\nOur <br>investment strategies - <br>separate or in a mix\n<\/h1><div class=\"bde-text-226-388 bde-text\">\nOur funds invest worldwide, but our main focus is on the regions of North America, Europe and Asia. In addition to equity and bond funds, mixed funds and absolute return funds, TBF also offers the management of special and label funds.\n<\/div>\n<\/div>\n<\/div>\n<\/div><\/div>\n<\/section>","protected":false},"excerpt":{"rendered":"<p>DAS IST TBF AKTIVES MANAGEMENT \u2013 OHNE WENN UND ABER Unabh\u00e4ngig und Ihr Partner f\u00fcr einen langfristigen Erfolg Seit der Gr\u00fcndung im Jahr 2000 durch Peter Dreide agiert TBF als inhabergef\u00fchrtes Unternehmen unabh\u00e4ngig von den Modeerscheinungen des Kapitalmarktes. Diese Unabh\u00e4ngigkeit gibt TBF die Freiheit, die eigenen Werte und Anlagestrategien ausschlie\u00dflich im Sinne der Investoren umzusetzen. [&hellip;]<\/p>\n","protected":false},"author":1,"featured_media":0,"parent":212,"menu_order":0,"comment_status":"closed","ping_status":"closed","template":"","meta":{"_acf_changed":false,"_breakdance_hide_in_design_set":false,"_breakdance_tags":"","footnotes":""},"class_list":["post-226","page","type-page","status-publish","hentry"],"acf":[],"publishpress_future_action":{"enabled":false,"date":"2026-04-26 10:35:16","action":"change-status","newStatus":"draft","terms":[],"taxonomy":"","extraData":[]},"publishpress_future_workflow_manual_trigger":{"enabledWorkflows":[]},"_links":{"self":[{"href":"https:\/\/www.tbfsam.com\/en\/wp-json\/wp\/v2\/pages\/226","targetHints":{"allow":["GET"]}}],"collection":[{"href":"https:\/\/www.tbfsam.com\/en\/wp-json\/wp\/v2\/pages"}],"about":[{"href":"https:\/\/www.tbfsam.com\/en\/wp-json\/wp\/v2\/types\/page"}],"author":[{"embeddable":true,"href":"https:\/\/www.tbfsam.com\/en\/wp-json\/wp\/v2\/users\/1"}],"replies":[{"embeddable":true,"href":"https:\/\/www.tbfsam.com\/en\/wp-json\/wp\/v2\/comments?post=226"}],"version-history":[{"count":5,"href":"https:\/\/www.tbfsam.com\/en\/wp-json\/wp\/v2\/pages\/226\/revisions"}],"predecessor-version":[{"id":6957,"href":"https:\/\/www.tbfsam.com\/en\/wp-json\/wp\/v2\/pages\/226\/revisions\/6957"}],"up":[{"embeddable":true,"href":"https:\/\/www.tbfsam.com\/en\/wp-json\/wp\/v2\/pages\/212"}],"wp:attachment":[{"href":"https:\/\/www.tbfsam.com\/en\/wp-json\/wp\/v2\/media?parent=226"}],"curies":[{"name":"wp","href":"https:\/\/api.w.org\/{rel}","templated":true}]}}