{"id":254,"date":"2024-08-23T11:24:01","date_gmt":"2024-08-23T09:24:01","guid":{"rendered":"http:\/\/wordpress.p671235.webspaceconfig.de\/?page_id=254"},"modified":"2025-10-29T08:21:04","modified_gmt":"2025-10-29T07:21:04","slug":"news","status":"publish","type":"page","link":"https:\/\/www.tbfsam.com\/en\/das-ist-tbf\/news\/","title":{"rendered":"news"},"content":{"rendered":"<section class=\"bde-section-254-100 bde-section\">\n  \n  \n\t\n\n\n\n<div class=\"section-container\"><\/div>\n<\/section><section class=\"bde-section-254-101 bde-section\" data-entrance=\"fade\">\n              \n  \n  \n\t\n\n  <div class=\"section-background-overlay\"><\/div>\n\n\n<div class=\"section-container\"><div class=\"bde-div-254-102 bde-div\">\n  \n  \n\t\n\n\n\n<h1 class=\"bde-heading-254-103 bde-heading\">\nALWAYS<br>UP TO<br>DATE\n<\/h1>\n<\/div><div class=\"de-scroll-button-254-104 de-scroll-button\" role=\"button\" aria-label=\"Scroll Button\">\n  <div class=\"de-icon mouse\">      \n        \t<div class=\"scroll\"><\/div>\n  \t  <\/div>\n\n\n<\/div><\/div>\n<\/section><section class=\"bde-section-254-105 bde-section\">\n  \n  \n\t\n\n\n\n<div class=\"section-container\"><div class=\"bde-div-254-106 bde-div\">\n  \n  \n\t\n\n\n\n<h1 class=\"bde-heading-254-107 bde-heading\">\nDiscover our latest news\n<\/h1><h1 class=\"bde-heading-254-108 bde-heading\">\nWe keep you up to date\n<\/h1><div class=\"bde-text-254-109 bde-text\">\nWillkommen im News-Bereich! In dieser Rubrik finden Sie unsere aktuellen Pressemitteilungen und -artikel, die Ihnen einen umfassenden \u00dcberblick \u00fcber unsere neuesten Projekte und Initiativen bieten. Hier pr\u00e4sentieren wir Ihnen die Highlights aus unserer Welt. Wir halten Sie auch \u00fcber unsere j\u00fcngsten Auszeichnungen und Erfolge auf dem Laufenden, die unser Engagement und unsere Leidenschaft f\u00fcr das, was wir tun, widerspiegeln. Verpassen Sie nicht die Gelegenheit, Teil unserer aufregenden Reise zu sein und sich \u00fcber alles zu informieren!<br><br>F\u00fcr Medienanfragen oder detaillierte Ausk\u00fcnfte stehen wir Ihnen jederzeit gerne zur Verf\u00fcgung. Kontaktieren Sie uns \u2013 wir unterst\u00fctzen Sie mit umfassenden Informationen und Einblicken: presse@tbfglobal.com\n<\/div>\n<\/div><div class=\"bde-div-254-111 bde-div\">\n  \n  \n\t\n\n\n\n\n<\/div><\/div>\n<\/section><section class=\"bde-section-254-181 bde-section\">\n  \n  \n\t\n\n\n\n<div class=\"section-container\"><div class=\"bde-div-254-175 bde-div\">\n  \n  \n\t\n\n\n\n<div class=\"bde-div-254-176 bde-div\">\n  \n  \n\t\n\n\n\n<h1 class=\"bde-heading-254-177 bde-heading\">\nOur contact for press and marketing <br>f\u00fcr Presse und Marketing\n<\/h1><div class=\"bde-text-254-178 bde-text\">\nWould you like to be added to our press distribution list? Please send us a short e-mail.\n<\/div>\n<\/div><div class=\"bde-div-254-179 bde-div\">\n  \n  \n\t\n\n\n\n<div class=\"bde-globalblock-254-180 bde-globalblock\" data-parallax=\"true\"><div class=\"bde-div-1727-100-1727-1 bde-div bde-div-1727-100\">\n  \n  \n\t\n\n\n\n<div class=\"bde-div-1727-101-1727-1 bde-div bde-div-1727-101\">\n  \n  \n\t\n\n\n\n<div class=\"bde-image-1727-107-1727-1 bde-image bde-image-1727-107\">\n<figure class=\"breakdance-image breakdance-image--1700\">\n\t<div class=\"breakdance-image-container\">\n\t\t<div class=\"breakdance-image-clip\"><img decoding=\"async\" class=\"breakdance-image-object\" src=\"https:\/\/www.tbfsam.com\/wp-content\/uploads\/tbf-sven-wiede-portrait-300x300.jpg\" width=\"300\" height=\"300\" srcset=\"https:\/\/www.tbfsam.com\/wp-content\/uploads\/tbf-sven-wiede-portrait.jpg 500w, https:\/\/www.tbfsam.com\/wp-content\/uploads\/tbf-sven-wiede-portrait-300x300.jpg 300w, https:\/\/www.tbfsam.com\/wp-content\/uploads\/tbf-sven-wiede-portrait-150x150.jpg 150w\" sizes=\"(max-width: 500px) 100vw, 500px\"><\/div>\n\t<\/div><\/figure>\n\n<\/div>\n<\/div><div class=\"bde-div-1727-103-1727-1 bde-div bde-div-1727-103\">\n  \n  \n\t\n\n\n\n<h4 class=\"bde-heading-1727-104-1727-1 bde-heading bde-heading-1727-104\">\n Sven Wiede<br>\n<\/h4><div class=\"bde-text-1727-105-1727-1 bde-text bde-text-1727-105\">\nTBF Sales and Marketing GmbH\n<\/div><div class=\"bde-icon-list-1727-106-1727-1 bde-icon-list bde-icon-list-1727-106\">\n<ul>\n  \n              \n    <li>\n                      \n            \n            \n\n    \n    \n    \n    \n    \n    <a class=\"breakdance-link bde-icon-list__item-wrapper\" href=\"tel:004940308533555\" target=\"_self\" data-type=\"contact\"  >\n\n      \n      <span class='bde-icon-list__icon' aria-hidden='true'>\n        <svg version=\"1.1\" id=\"Ebene_1\" xmlns=\"http:\/\/www.w3.org\/2000\/svg\" xmlns:xlink=\"http:\/\/www.w3.org\/1999\/xlink\" x=\"0px\" y=\"0px\" viewbox=\"0 0 500 500\" style=\"enable-background:new 0 0 500 500;\" xml:space=\"preserve\">\r\n<style type=\"text\/css\">\r\n\t.st0{display:none;}\r\n\t.st1{stroke:#000000;stroke-width:5.000000e-02;stroke-miterlimit:10;stroke-opacity:5.000000e-02;}\r\n<\/style>\r\n<g id=\"Ebene_1_00000095298905357763308900000014967208957184285062_\" class=\"st0\">\r\n\t\r\n\t\t<image style=\"display:inline;overflow:visible;enable-background:new    ;\" width=\"429\" height=\"332\" xlink:href=\"A65A12E4EA3FBF92.png\" transform=\"matrix(1.31 0 0 1.31 -50.28 19.82)\">\r\n\t<\/image>\r\n<\/g>\r\n<path class=\"st1\" d=\"M370.6,320.7c-13.5-13.5-33.1-18.1-52-11.8L272.1,328c-8.1,3.3-17.2,2.4-23.8-2.4  c-29.7-21.7-53.6-45.6-75.2-75.2c-4.8-6.6-5.8-15.7-2.4-23.8l19.4-47.3c6-18.1,1.4-37.7-12.1-51.2l-50.1-50.1  c-19.5-19.5-51.3-19.5-70.8,0L28,106.9c-12.9,12.9-17.8,31.4-13,48.4C60.9,315,183.6,437.7,343.4,483.5c4.3,1.2,8.7,1.8,13.1,1.8  c12.9,0,25.7-5.2,35.3-14.8l28.9-28.9c19.5-19.5,19.5-51.3,0-70.8L370.6,320.7z M92.4,88.1c6.5,0,12.9,2.5,17.8,7.4l50.1,50.1  c6.8,6.8,9.1,16.7,6.4,25l-11.9,29l-92.2-92.2l12-12C79.4,90.6,85.9,88.1,92.4,88.1z M350.2,459.7C198.8,416.2,82.4,299.9,39,148.4  c-2.3-8.1,0.1-16.9,6.1-23.3l100.1,100.1c-3.1,13.9-0.4,28.5,7.8,39.8c22.9,31.4,49.3,57.7,80.6,80.6c11.3,8.3,26,11,39.8,7.8  l100.1,100.1C367.1,459.6,358.3,462,350.2,459.7z M403.1,424.1l-12,12l-92.2-92.2l28.3-11.6c9.1-3.1,19-0.7,25.8,6.1l50.1,50.1  C413,398.3,413,414.3,403.1,424.1z\"\/>\r\n<path class=\"st1\" d=\"M348.4,13.6c-75.3,0-136.6,61.3-136.6,136.6s61.3,136.6,136.6,136.6S485,225.5,485,150.2S423.7,13.6,348.4,13.6  z M348.4,261.9c-61.6,0-111.7-50.1-111.7-111.7S286.8,38.5,348.4,38.5s111.7,50.1,111.7,111.7S410,261.9,348.4,261.9z\"\/>\r\n<path class=\"st1\" d=\"M323.6,88.1c-6.9,0-12.4,5.6-12.4,12.4c0,6.9,5.6,12.4,12.4,12.4c34.2,0,62.1,27.8,62.1,62.1  c0,6.9,5.6,12.4,12.4,12.4c6.9,0,12.4-5.6,12.4-12.4C410.5,127.1,371.5,88.1,323.6,88.1z\"\/>\r\n<path class=\"st1\" d=\"M323.6,137.8c-6.9,0-12.4,5.6-12.4,12.4c0,6.9,5.6,12.4,12.4,12.4c6.8,0,12.4,5.6,12.4,12.4  c0,6.9,5.6,12.4,12.4,12.4c6.9,0,12.4-5.6,12.4-12.4C360.9,154.5,344.1,137.8,323.6,137.8z\"\/>\r\n<circle class=\"st1\" cx=\"311.2\" cy=\"187.4\" r=\"12.4\"\/>\r\n<\/svg>\n      <\/span>\n      <span class='bde-icon-list__text' >\n      +49 40 308 533 555\n      <\/span>\n                  <\/a>\n\n      \n    <\/li>\n\n  \n              \n    <li>\n                      \n            \n            \n\n    \n    \n    \n    \n    \n    <a class=\"breakdance-link bde-icon-list__item-wrapper\" href=\"mailto:sven.wiede@tbfsam.com?subject=&body=\" target=\"_self\" data-type=\"contact\"  >\n\n      \n      <span class='bde-icon-list__icon' aria-hidden='true'>\n        <svg version=\"1.1\" id=\"Ebene_1\" xmlns=\"http:\/\/www.w3.org\/2000\/svg\" xmlns:xlink=\"http:\/\/www.w3.org\/1999\/xlink\" x=\"0px\" y=\"0px\" viewbox=\"0 0 500 500\" style=\"enable-background:new 0 0 500 500;\" xml:space=\"preserve\">\r\n<style type=\"text\/css\">\r\n\t.st0{display:none;}\r\n\t.st1{stroke:#000000;stroke-width:5.000000e-02;stroke-miterlimit:10;stroke-opacity:5.000000e-02;}\r\n<\/style>\r\n<g id=\"Ebene_1_00000095298905357763308900000014967208957184285062_\" class=\"st0\">\r\n\t\r\n\t\t<image style=\"display:inline;overflow:visible;enable-background:new    ;\" width=\"429\" height=\"332\" xlink:href=\"7942211C8E7BA394.png\" transform=\"matrix(1.31 0 0 1.31 -50.28 19.82)\">\r\n\t<\/image>\r\n<\/g>\r\n<path class=\"st1\" d=\"M447.7,88h-12.4V75.6c0-20.5-16.8-37.3-37.3-37.3H50.3C29.8,38.3,13,55.1,13,75.6v347.8  c0,20.5,16.8,37.3,37.3,37.3h347.8c20.5,0,37.3-16.8,37.3-37.3V411h12.4c20.5,0,37.3-16.8,37.3-37.3V125.3  C485,104.8,468.2,88,447.7,88z M37.8,75.6c0-6.8,5.6-12.4,12.4-12.4h347.8c6.8,0,12.4,5.6,12.4,12.4V88H99.9  c-20.5,0-37.3,16.8-37.3,37.3v12.4H50.3c-4.3,0-8.6,0.9-12.4,2.2V75.6z M393,162.6L224.2,331.4L55.4,162.6H393z M37.8,418.3V180.1  L157,299.2L37.8,418.3z M55.4,435.8l119.1-119.1l40.9,41c2.5,2.4,5.6,3.6,8.8,3.6s6.3-1.2,8.8-3.6l40.9-41L393,435.8H55.4z   M410.5,418.3L291.4,299.2l119.1-119.1V418.3z M460.2,373.7c0,6.8-5.6,12.4-12.4,12.4h-12.4V175c0-20.5-16.8-37.3-37.3-37.3H87.5  v-12.4c0-6.8,5.6-12.4,12.4-12.4h347.8c6.8,0,12.4,5.6,12.4,12.4V373.7z\"\/>\r\n<\/svg>\n      <\/span>\n      <span class='bde-icon-list__text' >\n      sven.wiede@tbfsam.com\n      <\/span>\n                  <\/a>\n\n      \n    <\/li>\n\n  <\/ul>\n\n<\/div>\n<\/div>\n<\/div><\/div>\n<\/div>\n<\/div><\/div>\n<\/section><section class=\"bde-section-254-144 bde-section\">\n  \n  \n\t\n\n\n\n<div class=\"section-container\"><img decoding=\"async\" class=\"bde-image2-254-145 bde-image2\" src=\"https:\/\/www.tbfsam.com\/wp-content\/uploads\/tbf-grauer-hintergrund.png\" alt=\"Das Bild zeigt hellgrauen Hintergrund, oben angeschr\u00e4gt\" loading=\"lazy\" srcset=\"https:\/\/www.tbfsam.com\/wp-content\/uploads\/tbf-grauer-hintergrund.png 3440w, https:\/\/www.tbfsam.com\/wp-content\/uploads\/tbf-grauer-hintergrund-300x126.png 300w, https:\/\/www.tbfsam.com\/wp-content\/uploads\/tbf-grauer-hintergrund-1024x429.png 1024w, https:\/\/www.tbfsam.com\/wp-content\/uploads\/tbf-grauer-hintergrund-150x63.png 150w, https:\/\/www.tbfsam.com\/wp-content\/uploads\/tbf-grauer-hintergrund-768x321.png 768w, https:\/\/www.tbfsam.com\/wp-content\/uploads\/tbf-grauer-hintergrund-1536x643.png 1536w, https:\/\/www.tbfsam.com\/wp-content\/uploads\/tbf-grauer-hintergrund-2048x857.png 2048w\" sizes=\"(max-width: 3440px) 100vw, 3440px\"><div class=\"bde-div-254-146 bde-div\">\n  \n  \n\t\n\n\n\n<h1 class=\"bde-heading-254-174 bde-heading\">\nunsere News\n<\/h1>\n<\/div><div class=\"bde-div-254-172 bde-div\">\n  \n  \n\t\n\n\n\n<div class=\"bde-post-loop-254-182 bde-post-loop phox-facets-target phox-facets-target-default wpgb-content\" data-entrance=\"slideUp\"><div class=\"bde-loop bde-loop-grid ee-posts ee-posts-grid\">    <article class=\"bde-loop-item ee-post\">\n        <div class=\"bde-div-1469-109-7278-1469-1 bde-div bde-div-1469-109\">\n  \n  \n\t\n\n\n\n<img decoding=\"async\" class=\"bde-image2-1469-110-7278-1469-1 bde-image2 bde-image2-1469-110\" src=\"https:\/\/www.tbfsam.com\/wp-content\/uploads\/tbf-peter-dreide-stehend-beitrag.jpg\" alt=\"Das Bild zeigt TBF CIO Peter Dreide in Portraitansicht in Bad Homburg\" loading=\"lazy\" srcset=\"https:\/\/www.tbfsam.com\/wp-content\/uploads\/tbf-peter-dreide-stehend-beitrag.jpg 1000w, https:\/\/www.tbfsam.com\/wp-content\/uploads\/tbf-peter-dreide-stehend-beitrag-300x300.jpg 300w, https:\/\/www.tbfsam.com\/wp-content\/uploads\/tbf-peter-dreide-stehend-beitrag-150x150.jpg 150w, https:\/\/www.tbfsam.com\/wp-content\/uploads\/tbf-peter-dreide-stehend-beitrag-768x768.jpg 768w, https:\/\/www.tbfsam.com\/wp-content\/uploads\/tbf-peter-dreide-stehend-beitrag-12x12.jpg 12w\" sizes=\"(max-width: 1000px) 100vw, 1000px\"><h1 class=\"bde-heading-1469-111-7278-1469-1 bde-heading bde-heading-1469-111\">\n\u201eDer Finanz-Gourmet\u201c-Podcast\n<\/h1><div class=\"bde-text-1469-112-7278-1469-1 bde-text bde-text-1469-112\">\n21. April 2026\n<\/div>\n<\/div>    <\/article>\n    <article class=\"bde-loop-item ee-post\">\n        <div class=\"bde-div-1469-109-7251-1469-1 bde-div bde-div-1469-109\">\n  \n  \n\t\n\n\n\n<img decoding=\"async\" class=\"bde-image2-1469-110-7251-1469-1 bde-image2 bde-image2-1469-110\" src=\"https:\/\/www.tbfsam.com\/wp-content\/uploads\/tbf-neues-logo.jpg\" alt=\"Das Bild zeigt unser neues Logo in wei\u00df auf einem dunkelblauem Hintergrund.\" loading=\"lazy\" srcset=\"https:\/\/www.tbfsam.com\/wp-content\/uploads\/tbf-neues-logo.jpg 1200w, https:\/\/www.tbfsam.com\/wp-content\/uploads\/tbf-neues-logo-300x300.jpg 300w, https:\/\/www.tbfsam.com\/wp-content\/uploads\/tbf-neues-logo-1024x1024.jpg 1024w, https:\/\/www.tbfsam.com\/wp-content\/uploads\/tbf-neues-logo-150x150.jpg 150w, https:\/\/www.tbfsam.com\/wp-content\/uploads\/tbf-neues-logo-768x768.jpg 768w, https:\/\/www.tbfsam.com\/wp-content\/uploads\/tbf-neues-logo-12x12.jpg 12w\" sizes=\"(max-width: 1200px) 100vw, 1200px\"><h1 class=\"bde-heading-1469-111-7251-1469-1 bde-heading bde-heading-1469-111\">\nNeues Logo \u2013 Gleiche Werte\n<\/h1><div class=\"bde-text-1469-112-7251-1469-1 bde-text bde-text-1469-112\">\n16. April 2026\n<\/div>\n<\/div>    <\/article>\n    <article class=\"bde-loop-item ee-post\">\n        <div class=\"bde-div-1469-109-7186-1469-1 bde-div bde-div-1469-109\">\n  \n  \n\t\n\n\n\n<img decoding=\"async\" class=\"bde-image2-1469-110-7186-1469-1 bde-image2 bde-image2-1469-110\" src=\"https:\/\/www.tbfsam.com\/wp-content\/uploads\/tbf-daumen-hoch-beitrag.jpg\" alt=\"Das Bild zeigt einen Daumen der nach oben zeigt, bestehend aus den typischen TBF Polygonen und Punkten. Die Farben sind in verschiedenen Blaut\u00f6nen gehalten.\" loading=\"lazy\" srcset=\"https:\/\/www.tbfsam.com\/wp-content\/uploads\/tbf-daumen-hoch-beitrag.jpg 1000w, https:\/\/www.tbfsam.com\/wp-content\/uploads\/tbf-daumen-hoch-beitrag-300x300.jpg 300w, https:\/\/www.tbfsam.com\/wp-content\/uploads\/tbf-daumen-hoch-beitrag-150x150.jpg 150w, https:\/\/www.tbfsam.com\/wp-content\/uploads\/tbf-daumen-hoch-beitrag-768x768.jpg 768w, https:\/\/www.tbfsam.com\/wp-content\/uploads\/tbf-daumen-hoch-beitrag-12x12.jpg 12w\" sizes=\"(max-width: 1000px) 100vw, 1000px\"><h1 class=\"bde-heading-1469-111-7186-1469-1 bde-heading bde-heading-1469-111\">\nLSEG Lipper Fund Awards f\u00fcr TBF\n<\/h1><div class=\"bde-text-1469-112-7186-1469-1 bde-text bde-text-1469-112\">\n10. April 2026\n<\/div>\n<\/div>    <\/article>\n    <article class=\"bde-loop-item ee-post\">\n        <div class=\"bde-div-1469-109-7126-1469-1 bde-div bde-div-1469-109\">\n  \n  \n\t\n\n\n\n<img decoding=\"async\" class=\"bde-image2-1469-110-7126-1469-1 bde-image2 bde-image2-1469-110\" src=\"https:\/\/www.tbfsam.com\/wp-content\/uploads\/tbf-patrick-vogel-1-beitrag.jpg\" alt=\"Das Bild zeigt TBF Senior Fondsmanager Patrick Vogel seitlich stehend vor einer Ziegelwand in Bad Homburg\" loading=\"lazy\" srcset=\"https:\/\/www.tbfsam.com\/wp-content\/uploads\/tbf-patrick-vogel-1-beitrag.jpg 1000w, https:\/\/www.tbfsam.com\/wp-content\/uploads\/tbf-patrick-vogel-1-beitrag-300x300.jpg 300w, https:\/\/www.tbfsam.com\/wp-content\/uploads\/tbf-patrick-vogel-1-beitrag-150x150.jpg 150w, https:\/\/www.tbfsam.com\/wp-content\/uploads\/tbf-patrick-vogel-1-beitrag-768x768.jpg 768w, https:\/\/www.tbfsam.com\/wp-content\/uploads\/tbf-patrick-vogel-1-beitrag-12x12.jpg 12w\" sizes=\"(max-width: 1000px) 100vw, 1000px\"><h1 class=\"bde-heading-1469-111-7126-1469-1 bde-heading bde-heading-1469-111\">\nDACH Investors Retreat\n<\/h1><div class=\"bde-text-1469-112-7126-1469-1 bde-text bde-text-1469-112\">\n23. March 2026\n<\/div>\n<\/div>    <\/article>\n    <article class=\"bde-loop-item ee-post\">\n        <div class=\"bde-div-1469-109-7113-1469-1 bde-div bde-div-1469-109\">\n  \n  \n\t\n\n\n\n<img decoding=\"async\" class=\"bde-image2-1469-110-7113-1469-1 bde-image2 bde-image2-1469-110\" src=\"https:\/\/www.tbfsam.com\/wp-content\/uploads\/tbf-fixed-income-beitrag.jpg\" alt=\"Das Bild zeigt eine Nahaufnahme eines Tresors mit Zahlenschloss. Titelbild des TBF FIXED INCOME\" loading=\"lazy\" srcset=\"https:\/\/www.tbfsam.com\/wp-content\/uploads\/tbf-fixed-income-beitrag.jpg 1000w, https:\/\/www.tbfsam.com\/wp-content\/uploads\/tbf-fixed-income-beitrag-300x300.jpg 300w, https:\/\/www.tbfsam.com\/wp-content\/uploads\/tbf-fixed-income-beitrag-150x150.jpg 150w, https:\/\/www.tbfsam.com\/wp-content\/uploads\/tbf-fixed-income-beitrag-768x768.jpg 768w, https:\/\/www.tbfsam.com\/wp-content\/uploads\/tbf-fixed-income-beitrag-12x12.jpg 12w\" sizes=\"(max-width: 1000px) 100vw, 1000px\"><h1 class=\"bde-heading-1469-111-7113-1469-1 bde-heading bde-heading-1469-111\">\nTBF FIXED INCOME &#8211; Update\n<\/h1><div class=\"bde-text-1469-112-7113-1469-1 bde-text bde-text-1469-112\">\n17. March 2026\n<\/div>\n<\/div>    <\/article>\n    <article class=\"bde-loop-item ee-post\">\n        <div class=\"bde-div-1469-109-7111-1469-1 bde-div bde-div-1469-109\">\n  \n  \n\t\n\n\n\n<img decoding=\"async\" class=\"bde-image2-1469-110-7111-1469-1 bde-image2 bde-image2-1469-110\" src=\"https:\/\/www.tbfsam.com\/wp-content\/uploads\/tbf-global-income-beitrag.jpg\" alt=\"Das Bild zeigt eine aufgeklappte Taschenuhr auf einen Blatt mit vielen Zahlen, alles in schwarz-wei\u00df. Titelbild Des TBF GLOBAL INCOME\" loading=\"lazy\" srcset=\"https:\/\/www.tbfsam.com\/wp-content\/uploads\/tbf-global-income-beitrag.jpg 1000w, https:\/\/www.tbfsam.com\/wp-content\/uploads\/tbf-global-income-beitrag-300x300.jpg 300w, https:\/\/www.tbfsam.com\/wp-content\/uploads\/tbf-global-income-beitrag-150x150.jpg 150w, https:\/\/www.tbfsam.com\/wp-content\/uploads\/tbf-global-income-beitrag-768x768.jpg 768w, https:\/\/www.tbfsam.com\/wp-content\/uploads\/tbf-global-income-beitrag-12x12.jpg 12w\" sizes=\"(max-width: 1000px) 100vw, 1000px\"><h1 class=\"bde-heading-1469-111-7111-1469-1 bde-heading bde-heading-1469-111\">\nTBF GLOBAL INCOME &#8211; Update\n<\/h1><div class=\"bde-text-1469-112-7111-1469-1 bde-text bde-text-1469-112\">\n17. March 2026\n<\/div>\n<\/div>    <\/article>\n    <article class=\"bde-loop-item ee-post\">\n        <div class=\"bde-div-1469-109-7095-1469-1 bde-div bde-div-1469-109\">\n  \n  \n\t\n\n\n\n<img decoding=\"async\" class=\"bde-image2-1469-110-7095-1469-1 bde-image2 bde-image2-1469-110\" src=\"https:\/\/www.tbfsam.com\/wp-content\/uploads\/tbf-fixed-income-beitrag.jpg\" alt=\"Das Bild zeigt eine Nahaufnahme eines Tresors mit Zahlenschloss. Titelbild des TBF FIXED INCOME\" loading=\"lazy\" srcset=\"https:\/\/www.tbfsam.com\/wp-content\/uploads\/tbf-fixed-income-beitrag.jpg 1000w, https:\/\/www.tbfsam.com\/wp-content\/uploads\/tbf-fixed-income-beitrag-300x300.jpg 300w, https:\/\/www.tbfsam.com\/wp-content\/uploads\/tbf-fixed-income-beitrag-150x150.jpg 150w, https:\/\/www.tbfsam.com\/wp-content\/uploads\/tbf-fixed-income-beitrag-768x768.jpg 768w, https:\/\/www.tbfsam.com\/wp-content\/uploads\/tbf-fixed-income-beitrag-12x12.jpg 12w\" sizes=\"(max-width: 1000px) 100vw, 1000px\"><h1 class=\"bde-heading-1469-111-7095-1469-1 bde-heading bde-heading-1469-111\">\nTBF FIXED INCOME \u2013 Verbraucherschutzforum Berlin\n<\/h1><div class=\"bde-text-1469-112-7095-1469-1 bde-text bde-text-1469-112\">\n11. March 2026\n<\/div>\n<\/div>    <\/article>\n    <article class=\"bde-loop-item ee-post\">\n        <div class=\"bde-div-1469-109-7035-1469-1 bde-div bde-div-1469-109\">\n  \n  \n\t\n\n\n\n<img decoding=\"async\" class=\"bde-image2-1469-110-7035-1469-1 bde-image2 bde-image2-1469-110\" src=\"https:\/\/www.tbfsam.com\/wp-content\/uploads\/tbf-sven-wiede-stehend-beitrag.jpg\" alt=\"Das Bild zeigt TBF Vertriebsdirektor Sven Wiede seitlich stehend vor einer Ziegelwand in Bad Homburg\" loading=\"lazy\" srcset=\"https:\/\/www.tbfsam.com\/wp-content\/uploads\/tbf-sven-wiede-stehend-beitrag.jpg 1000w, https:\/\/www.tbfsam.com\/wp-content\/uploads\/tbf-sven-wiede-stehend-beitrag-300x300.jpg 300w, https:\/\/www.tbfsam.com\/wp-content\/uploads\/tbf-sven-wiede-stehend-beitrag-150x150.jpg 150w, https:\/\/www.tbfsam.com\/wp-content\/uploads\/tbf-sven-wiede-stehend-beitrag-768x768.jpg 768w, https:\/\/www.tbfsam.com\/wp-content\/uploads\/tbf-sven-wiede-stehend-beitrag-12x12.jpg 12w\" sizes=\"(max-width: 1000px) 100vw, 1000px\"><h1 class=\"bde-heading-1469-111-7035-1469-1 bde-heading bde-heading-1469-111\">\nSTOCKWAVES Tischgespr\u00e4che Augsburg\n<\/h1><div class=\"bde-text-1469-112-7035-1469-1 bde-text bde-text-1469-112\">\n10. March 2026\n<\/div>\n<\/div>    <\/article>\n    <article class=\"bde-loop-item ee-post\">\n        <div class=\"bde-div-1469-109-7033-1469-1 bde-div bde-div-1469-109\">\n  \n  \n\t\n\n\n\n<img decoding=\"async\" class=\"bde-image2-1469-110-7033-1469-1 bde-image2 bde-image2-1469-110\" src=\"https:\/\/www.tbfsam.com\/wp-content\/uploads\/tbf-sven-wiede-stehend-beitrag.jpg\" alt=\"Das Bild zeigt TBF Vertriebsdirektor Sven Wiede seitlich stehend vor einer Ziegelwand in Bad Homburg\" loading=\"lazy\" srcset=\"https:\/\/www.tbfsam.com\/wp-content\/uploads\/tbf-sven-wiede-stehend-beitrag.jpg 1000w, https:\/\/www.tbfsam.com\/wp-content\/uploads\/tbf-sven-wiede-stehend-beitrag-300x300.jpg 300w, https:\/\/www.tbfsam.com\/wp-content\/uploads\/tbf-sven-wiede-stehend-beitrag-150x150.jpg 150w, https:\/\/www.tbfsam.com\/wp-content\/uploads\/tbf-sven-wiede-stehend-beitrag-768x768.jpg 768w, https:\/\/www.tbfsam.com\/wp-content\/uploads\/tbf-sven-wiede-stehend-beitrag-12x12.jpg 12w\" sizes=\"(max-width: 1000px) 100vw, 1000px\"><h1 class=\"bde-heading-1469-111-7033-1469-1 bde-heading bde-heading-1469-111\">\nSTOCKWAVES Tischgespr\u00e4che Regensburg\n<\/h1><div class=\"bde-text-1469-112-7033-1469-1 bde-text bde-text-1469-112\">\n10. March 2026\n<\/div>\n<\/div>    <\/article>\n<\/div>\r\n<\/div>\n<\/div><div class=\"bde-wpgbfacet-254-183 bde-wpgbfacet\"><div class=\"wpgb-facet wpgb-loading wpgb-facet-3 wpgb-style-1\" data-facet=\"3\" data-grid=\"wpgb-content\"><\/div><\/div><\/div>\n<\/section>","protected":false},"excerpt":{"rendered":"<p>IMMERAKTUELLINFORMIERT Entdecken Sie unsere News Wir halten Sie auf dem Laufenden Willkommen im News-Bereich! In dieser Rubrik finden Sie unsere aktuellen Pressemitteilungen und -artikel, die Ihnen einen umfassenden \u00dcberblick \u00fcber unsere neuesten Projekte und Initiativen bieten. Hier pr\u00e4sentieren wir Ihnen die Highlights aus unserer Welt. Wir halten Sie auch \u00fcber unsere j\u00fcngsten Auszeichnungen und Erfolge [&hellip;]<\/p>\n","protected":false},"author":1,"featured_media":0,"parent":212,"menu_order":0,"comment_status":"closed","ping_status":"closed","template":"","meta":{"_acf_changed":false,"_breakdance_hide_in_design_set":false,"_breakdance_tags":"","footnotes":""},"class_list":["post-254","page","type-page","status-publish","hentry"],"acf":[],"publishpress_future_action":{"enabled":false,"date":"2026-05-05 11:45:42","action":"change-status","newStatus":"draft","terms":[],"taxonomy":"","extraData":[]},"publishpress_future_workflow_manual_trigger":{"enabledWorkflows":[]},"_links":{"self":[{"href":"https:\/\/www.tbfsam.com\/en\/wp-json\/wp\/v2\/pages\/254","targetHints":{"allow":["GET"]}}],"collection":[{"href":"https:\/\/www.tbfsam.com\/en\/wp-json\/wp\/v2\/pages"}],"about":[{"href":"https:\/\/www.tbfsam.com\/en\/wp-json\/wp\/v2\/types\/page"}],"author":[{"embeddable":true,"href":"https:\/\/www.tbfsam.com\/en\/wp-json\/wp\/v2\/users\/1"}],"replies":[{"embeddable":true,"href":"https:\/\/www.tbfsam.com\/en\/wp-json\/wp\/v2\/comments?post=254"}],"version-history":[{"count":5,"href":"https:\/\/www.tbfsam.com\/en\/wp-json\/wp\/v2\/pages\/254\/revisions"}],"predecessor-version":[{"id":6208,"href":"https:\/\/www.tbfsam.com\/en\/wp-json\/wp\/v2\/pages\/254\/revisions\/6208"}],"up":[{"embeddable":true,"href":"https:\/\/www.tbfsam.com\/en\/wp-json\/wp\/v2\/pages\/212"}],"wp:attachment":[{"href":"https:\/\/www.tbfsam.com\/en\/wp-json\/wp\/v2\/media?parent=254"}],"curies":[{"name":"wp","href":"https:\/\/api.w.org\/{rel}","templated":true}]}}